{"id":108,"date":"2026-01-12T22:08:36","date_gmt":"2026-01-12T22:08:36","guid":{"rendered":"http:\/\/tapio-tuomela-v1.local\/?page_id=108"},"modified":"2026-04-10T09:35:52","modified_gmt":"2026-04-10T09:35:52","slug":"konsertot","status":"publish","type":"page","link":"https:\/\/tapiotuomela.fi\/en\/konsertot\/","title":{"rendered":"Concertos"},"content":{"rendered":"\t\t<div data-elementor-type=\"wp-page\" data-elementor-id=\"108\" class=\"elementor elementor-108\">\n\t\t\t\t<div class=\"elementor-element elementor-element-9ffdff7 e-flex e-con-boxed e-con e-parent\" data-id=\"9ffdff7\" data-element_type=\"container\" data-e-type=\"container\">\n\t\t\t\t\t<div class=\"e-con-inner\">\n\t\t\t\t<div class=\"elementor-element elementor-element-7c3d270 elementor-widget elementor-widget-heading\" data-id=\"7c3d270\" data-element_type=\"widget\" data-e-type=\"widget\" data-widget_type=\"heading.default\">\n\t\t\t\t\t<h2 class=\"elementor-heading-title elementor-size-default\">Konsertot<\/h2>\t\t\t\t<\/div>\n\t\t\t\t\t<\/div>\n\t\t\t\t<\/div>\n\t\t<div class=\"elementor-element elementor-element-4ff93e3 e-con-full e-flex e-con e-parent\" data-id=\"4ff93e3\" data-element_type=\"container\" data-e-type=\"container\">\n\t\t<div class=\"elementor-element elementor-element-63d66d0 e-flex e-con-boxed e-con e-child\" data-id=\"63d66d0\" data-element_type=\"container\" data-e-type=\"container\">\n\t\t\t\t\t<div class=\"e-con-inner\">\n\t\t<div class=\"elementor-element elementor-element-c6d8a21 e-con-full e-flex e-con e-child\" data-id=\"c6d8a21\" data-element_type=\"container\" data-e-type=\"container\">\n\t\t<div class=\"elementor-element elementor-element-c107aac e-con-full e-flex e-con e-child\" data-id=\"c107aac\" data-element_type=\"container\" data-e-type=\"container\">\n\t\t\t\t<div class=\"elementor-element elementor-element-897b111 elementor-widget elementor-widget-heading\" data-id=\"897b111\" data-element_type=\"widget\" data-e-type=\"widget\" data-widget_type=\"heading.default\">\n\t\t\t\t\t<h2 class=\"elementor-heading-title elementor-size-default\">Swap - kamarikonsertto saksofonille ja orkesterille (2014)<\/h2>\t\t\t\t<\/div>\n\t\t\t\t<\/div>\n\t\t<div class=\"elementor-element elementor-element-28b6e2c e-con-full e-flex e-con e-child\" data-id=\"28b6e2c\" data-element_type=\"container\" data-e-type=\"container\">\n\t\t\t\t<div class=\"elementor-element elementor-element-9f36547 elementor-widget elementor-widget-text-editor\" data-id=\"9f36547\" data-element_type=\"widget\" data-e-type=\"widget\" data-widget_type=\"text-editor.default\">\n\t\t\t\t\t\t\t\t\t<p>Tilaaja: Joonatan Rautiola, Sibelius Foundation<\/p><p>Kokoonpano: <span class=\"NormalTextRun SCXW232162350 BCX0\">2222\/2210\/1\u00a0<\/span><span class=\"NormalTextRun SpellingErrorV2Themed SCXW232162350 BCX0\">perc<\/span><span class=\"NormalTextRun SCXW232162350 BCX0\">\/str<\/span><\/p><p>Kesto: 24 minuuttia<\/p><p>Kantaesitys: Joensuun kaupunginorkesteri, kapellimestari Sasha M\u00e4kil\u00e4, solisti Joonatan Rautiola (saksofoni), huhtikuussa 2014<\/p><p>Kust. Fennica-Gehrman<\/p>\t\t\t\t\t\t\t\t<\/div>\n\t\t\t\t<div class=\"elementor-element elementor-element-04327b6 elementor-widget elementor-widget-avp-audio\" data-id=\"04327b6\" data-element_type=\"widget\" data-e-type=\"widget\" data-widget_type=\"avp-audio.default\">\n\t\t\t\t<div class=\"elementor-widget-container\">\n\t\t\t\t\t<div id=\"ms_avp\" style=\"max-width:99%;box-sizing:border-box;margin-left:auto;margin-right:auto;margin-top:2px;width:100%;\"><audio id=\"codepeople_media_player1776293638495708\" width=\"100%\" class=\"codepeople-media device-player-skin\" preload=\"none\" style=\"max-width:99%;box-sizing:border-box;margin-left:auto;margin-right:auto;margin-top:2px;width:100%;\"><source src=\"\/\/tapiotuomela.fi\/wp-content\/uploads\/2026\/02\/Swap.mvt3Loops.mp3\" type=\"audio\/mp3\" \/><\/audio><ul id=\"codepeople_media_player1776293638495708-list\" class=\"\" style=\"display:none;\"><li value=\"{&quot;source&quot;:[{&quot;src&quot;:&quot;\\\/\\\/tapiotuomela.fi\\\/wp-content\\\/uploads\\\/2026\\\/02\\\/Swap.mvt3Loops.mp3&quot;,&quot;type&quot;:&quot;audio\\\/mp3&quot;}],&quot;track&quot;:[]}\"><span class=\"cpmp-annotation\">Swap<\/span><\/li><\/ul><noscript>audio-and-video-player require JavaScript<\/noscript><div style=\"clear:both;\"><\/div><\/div>\t\t\t\t<\/div>\n\t\t\t\t<\/div>\n\t\t\t\t<\/div>\n\t\t\t\t<\/div>\n\t\t<div class=\"elementor-element elementor-element-ecf2aae e-con-full e-flex e-con e-child\" data-id=\"ecf2aae\" data-element_type=\"container\" data-e-type=\"container\">\n\t\t\t\t<div class=\"elementor-element elementor-element-f66d1a3 elementor-widget elementor-widget-image\" data-id=\"f66d1a3\" data-element_type=\"widget\" data-e-type=\"widget\" data-widget_type=\"image.default\">\n\t\t\t\t\t\t\t\t\t\t\t\t\t\t\t<img decoding=\"async\" src=\"https:\/\/tapiotuomela.fi\/wp-content\/plugins\/elementor\/assets\/images\/placeholder.png\" title=\"\" alt=\"\" loading=\"lazy\" \/>\t\t\t\t\t\t\t\t\t\t\t\t\t\t\t<\/div>\n\t\t\t\t<\/div>\n\t\t\t\t\t<\/div>\n\t\t\t\t<\/div>\n\t\t\t\t<\/div>\n\t\t<div class=\"elementor-element elementor-element-bb23014 e-con-full e-flex e-con e-parent\" data-id=\"bb23014\" data-element_type=\"container\" data-e-type=\"container\">\n\t\t<div class=\"elementor-element elementor-element-8e2dedd e-flex e-con-boxed e-con e-child\" data-id=\"8e2dedd\" data-element_type=\"container\" data-e-type=\"container\">\n\t\t\t\t\t<div class=\"e-con-inner\">\n\t\t<div class=\"elementor-element elementor-element-4ee31a3 e-con-full e-flex e-con e-child\" data-id=\"4ee31a3\" data-element_type=\"container\" data-e-type=\"container\">\n\t\t<div class=\"elementor-element elementor-element-b09a12e e-con-full e-flex e-con e-child\" data-id=\"b09a12e\" data-element_type=\"container\" data-e-type=\"container\">\n\t\t\t\t<div class=\"elementor-element elementor-element-404abf7 elementor-widget elementor-widget-heading\" data-id=\"404abf7\" data-element_type=\"widget\" data-e-type=\"widget\" data-widget_type=\"heading.default\">\n\t\t\t\t\t<h2 class=\"elementor-heading-title elementor-size-default\">Pianokonsertto (2008)<\/h2>\t\t\t\t<\/div>\n\t\t\t\t<\/div>\n\t\t<div class=\"elementor-element elementor-element-8000f6e e-con-full e-flex e-con e-child\" data-id=\"8000f6e\" data-element_type=\"container\" data-e-type=\"container\">\n\t\t\t\t<div class=\"elementor-element elementor-element-a6aefac elementor-widget elementor-widget-text-editor\" data-id=\"a6aefac\" data-element_type=\"widget\" data-e-type=\"widget\" data-widget_type=\"text-editor.default\">\n\t\t\t\t\t\t\t\t\t<p>Tilaaja: Joensuun kaupunginorkesteri<\/p><p>Kokoonpano: <span class=\"TextRun SCXW216481656 BCX0\" data-contrast=\"none\"><span class=\"NormalTextRun SCXW216481656 BCX0\">2222\/2200\/01, str<\/span><\/span><span class=\"LineBreakBlob BlobObject DragDrop SCXW216481656 BCX0\"><span class=\"SCXW216481656 BCX0\">\u00a0<\/span><br class=\"SCXW216481656 BCX0\" \/><\/span><\/p><p>Kesto: 31 minuuttia<\/p><p>Kantaesitys: Joensuun kaupunginorkesteri, kapellimestari Esa Heikkil\u00e4, solisti Iiro Rantala (piano), 27.11.2008<\/p><p>Kust. Fennica Gehrman<\/p>\t\t\t\t\t\t\t\t<\/div>\n\t\t\t\t<div class=\"elementor-element elementor-element-52aca4e elementor-widget elementor-widget-avp-audio\" data-id=\"52aca4e\" data-element_type=\"widget\" data-e-type=\"widget\" data-widget_type=\"avp-audio.default\">\n\t\t\t\t<div class=\"elementor-widget-container\">\n\t\t\t\t\t<div id=\"ms_avp\" style=\"max-width:99%;box-sizing:border-box;margin-left:auto;margin-right:auto;margin-top:2px;width:100%;\"><audio id=\"codepeople_media_player1776293638368513\" width=\"100%\" class=\"codepeople-media device-player-skin\" preload=\"none\" style=\"max-width:99%;box-sizing:border-box;margin-left:auto;margin-right:auto;margin-top:2px;width:100%;\"><source src=\"\/\/tapiotuomela.fi\/wp-content\/uploads\/2026\/02\/PianoConc.excerpt.mp3\" type=\"audio\/mp3\" \/><\/audio><ul id=\"codepeople_media_player1776293638368513-list\" class=\"\" style=\"display:none;\"><li value=\"{&quot;source&quot;:[{&quot;src&quot;:&quot;\\\/\\\/tapiotuomela.fi\\\/wp-content\\\/uploads\\\/2026\\\/02\\\/PianoConc.excerpt.mp3&quot;,&quot;type&quot;:&quot;audio\\\/mp3&quot;}],&quot;track&quot;:[]}\"><span class=\"cpmp-annotation\">Raita 1<\/span><\/li><\/ul><noscript>audio-and-video-player require JavaScript<\/noscript><div style=\"clear:both;\"><\/div><\/div>\t\t\t\t<\/div>\n\t\t\t\t<\/div>\n\t\t\t\t<\/div>\n\t\t\t\t<\/div>\n\t\t<div class=\"elementor-element elementor-element-dbed945 e-con-full e-flex e-con e-child\" data-id=\"dbed945\" data-element_type=\"container\" data-e-type=\"container\">\n\t\t\t\t<div class=\"elementor-element elementor-element-05ac451 elementor-widget elementor-widget-image\" data-id=\"05ac451\" data-element_type=\"widget\" data-e-type=\"widget\" data-widget_type=\"image.default\">\n\t\t\t\t\t\t\t\t\t\t\t\t\t\t\t<img decoding=\"async\" src=\"https:\/\/tapiotuomela.fi\/wp-content\/plugins\/elementor\/assets\/images\/placeholder.png\" title=\"\" alt=\"\" loading=\"lazy\" \/>\t\t\t\t\t\t\t\t\t\t\t\t\t\t\t<\/div>\n\t\t\t\t<\/div>\n\t\t\t\t\t<\/div>\n\t\t\t\t<\/div>\n\t\t\t\t<\/div>\n\t\t<div class=\"elementor-element elementor-element-e1d56e7 e-con-full e-flex e-con e-parent\" data-id=\"e1d56e7\" data-element_type=\"container\" data-e-type=\"container\">\n\t\t<div class=\"elementor-element elementor-element-49b4d19 e-flex e-con-boxed e-con e-child\" data-id=\"49b4d19\" data-element_type=\"container\" data-e-type=\"container\">\n\t\t\t\t\t<div class=\"e-con-inner\">\n\t\t<div class=\"elementor-element elementor-element-503b56f e-con-full e-flex e-con e-child\" data-id=\"503b56f\" data-element_type=\"container\" data-e-type=\"container\">\n\t\t<div class=\"elementor-element elementor-element-f0af21d e-con-full e-flex e-con e-child\" data-id=\"f0af21d\" data-element_type=\"container\" data-e-type=\"container\">\n\t\t\t\t<div class=\"elementor-element elementor-element-9a7a627 elementor-widget elementor-widget-heading\" data-id=\"9a7a627\" data-element_type=\"widget\" data-e-type=\"widget\" data-widget_type=\"heading.default\">\n\t\t\t\t\t<h2 class=\"elementor-heading-title elementor-size-default\">Vuohenki Luohti - mezzo-sopraanolle ja orkesterille (2001)<\/h2>\t\t\t\t<\/div>\n\t\t\t\t<\/div>\n\t\t<div class=\"elementor-element elementor-element-e893ef0 e-con-full e-flex e-con e-child\" data-id=\"e893ef0\" data-element_type=\"container\" data-e-type=\"container\">\n\t\t\t\t<div class=\"elementor-element elementor-element-09ed9af elementor-widget elementor-widget-text-editor\" data-id=\"09ed9af\" data-element_type=\"widget\" data-e-type=\"widget\" data-widget_type=\"text-editor.default\">\n\t\t\t\t\t\t\t\t\t<p>Tilaaja: Kajaanin kaupungin tilausty\u00f6 sen 350-vuotisjuhlan kunniaksi<\/p><p>Teksti: Nils-Aslak Valkeap\u00e4\u00e4<\/p><p>Kokoonpano: <span class=\"TextRun SCXW218314308 BCX0\" data-contrast=\"none\"><span class=\"NormalTextRun SCXW218314308 BCX0\">2222 4230 01, pno\/cel, str, mezzo (pic, cbsn, btrb\/tba)<\/span><\/span><span class=\"LineBreakBlob BlobObject DragDrop SCXW218314308 BCX0\"><br class=\"SCXW218314308 BCX0\" \/><\/span><\/p><p>Kesto: 15 minuuttia<\/p><p>Kantaesitys: Radion sinfoniaorkesteri, kapellimestari Okko Kamu, solisti Lilli Paasikivi<\/p><p>Kust. Fennica Gehrman<\/p>\t\t\t\t\t\t\t\t<\/div>\n\t\t\t\t<\/div>\n\t\t\t\t<\/div>\n\t\t<div class=\"elementor-element elementor-element-853c12c e-con-full e-flex e-con e-child\" data-id=\"853c12c\" data-element_type=\"container\" data-e-type=\"container\">\n\t\t\t\t<div class=\"elementor-element elementor-element-d82de8a elementor-widget elementor-widget-image\" data-id=\"d82de8a\" data-element_type=\"widget\" data-e-type=\"widget\" data-widget_type=\"image.default\">\n\t\t\t\t\t\t\t\t\t\t\t\t\t\t\t<img decoding=\"async\" src=\"https:\/\/tapiotuomela.fi\/wp-content\/plugins\/elementor\/assets\/images\/placeholder.png\" title=\"\" alt=\"\" loading=\"lazy\" \/>\t\t\t\t\t\t\t\t\t\t\t\t\t\t\t<\/div>\n\t\t\t\t<\/div>\n\t\t\t\t\t<\/div>\n\t\t\t\t<\/div>\n\t\t\t\t<\/div>\n\t\t<div class=\"elementor-element elementor-element-e73c6f7 e-con-full e-flex e-con e-parent\" data-id=\"e73c6f7\" data-element_type=\"container\" data-e-type=\"container\">\n\t\t<div class=\"elementor-element elementor-element-37f43c0 e-flex e-con-boxed e-con e-child\" data-id=\"37f43c0\" data-element_type=\"container\" data-e-type=\"container\">\n\t\t\t\t\t<div class=\"e-con-inner\">\n\t\t<div class=\"elementor-element elementor-element-da62107 e-con-full e-flex e-con e-child\" data-id=\"da62107\" data-element_type=\"container\" data-e-type=\"container\">\n\t\t<div class=\"elementor-element elementor-element-3d27aa6 e-con-full e-flex e-con e-child\" data-id=\"3d27aa6\" data-element_type=\"container\" data-e-type=\"container\">\n\t\t\t\t<div class=\"elementor-element elementor-element-91292cd elementor-widget elementor-widget-heading\" data-id=\"91292cd\" data-element_type=\"widget\" data-e-type=\"widget\" data-widget_type=\"heading.default\">\n\t\t\t\t\t<h2 class=\"elementor-heading-title elementor-size-default\">Scherzo - pianolle ja jousiorkesterille (1994)<\/h2>\t\t\t\t<\/div>\n\t\t\t\t<\/div>\n\t\t<div class=\"elementor-element elementor-element-60a9e59 e-con-full e-flex e-con e-child\" data-id=\"60a9e59\" data-element_type=\"container\" data-e-type=\"container\">\n\t\t\t\t<div class=\"elementor-element elementor-element-1a8ce1d elementor-widget elementor-widget-text-editor\" data-id=\"1a8ce1d\" data-element_type=\"widget\" data-e-type=\"widget\" data-widget_type=\"text-editor.default\">\n\t\t\t\t\t\t\t\t\t<p>Kokoonpano: Alkuper\u00e4inen versio pianolle (4 k\u00e4tt\u00e4) ja jousikokoonpanolle (22210)<\/p><p>Kesto: 8 minuuttia<\/p><p>Kantaesitys: Lahti Sinfonia, kapellimestari Osmo V\u00e4nsk\u00e4, solisti Jari Salmela (piano), Tampere Biennale, 1994<\/p><p>Kust. Fennica Gehrman<\/p>\t\t\t\t\t\t\t\t<\/div>\n\t\t\t\t<\/div>\n\t\t\t\t<\/div>\n\t\t<div class=\"elementor-element elementor-element-04c316f e-con-full e-flex e-con e-child\" data-id=\"04c316f\" data-element_type=\"container\" data-e-type=\"container\">\n\t\t\t\t<div class=\"elementor-element elementor-element-2215267 elementor-widget elementor-widget-image\" data-id=\"2215267\" data-element_type=\"widget\" data-e-type=\"widget\" data-widget_type=\"image.default\">\n\t\t\t\t\t\t\t\t\t\t\t\t\t\t\t<img fetchpriority=\"high\" decoding=\"async\" width=\"1014\" height=\"1024\" src=\"https:\/\/tapiotuomela.fi\/wp-content\/uploads\/2026\/02\/Scherzo-1-1014x1024.jpg\" class=\"attachment-large size-large wp-image-894\" alt=\"\" srcset=\"https:\/\/tapiotuomela.fi\/wp-content\/uploads\/2026\/02\/Scherzo-1-1014x1024.jpg 1014w, https:\/\/tapiotuomela.fi\/wp-content\/uploads\/2026\/02\/Scherzo-1-297x300.jpg 297w, https:\/\/tapiotuomela.fi\/wp-content\/uploads\/2026\/02\/Scherzo-1-150x150.jpg 150w, https:\/\/tapiotuomela.fi\/wp-content\/uploads\/2026\/02\/Scherzo-1-768x776.jpg 768w, https:\/\/tapiotuomela.fi\/wp-content\/uploads\/2026\/02\/Scherzo-1-1521x1536.jpg 1521w, https:\/\/tapiotuomela.fi\/wp-content\/uploads\/2026\/02\/Scherzo-1.jpg 2028w\" sizes=\"(max-width: 1014px) 100vw, 1014px\" \/>\t\t\t\t\t\t\t\t\t\t\t\t\t\t\t<\/div>\n\t\t\t\t<\/div>\n\t\t\t\t\t<\/div>\n\t\t\t\t<\/div>\n\t\t\t\t<\/div>\n\t\t\t\t<\/div>\n\t\t","protected":false},"excerpt":{"rendered":"<p>Konsertot Swap &#8211; kamarikonsertto saksofonille ja orkesterille (2014) Tilaaja: Joonatan Rautiola, Sibelius Foundation Kokoonpano: 2222\/2210\/1\u00a0perc\/str Kesto: 24 minuuttia Kantaesitys: Joensuun kaupunginorkesteri, kapellimestari Sasha M\u00e4kil\u00e4, solisti Joonatan Rautiola (saksofoni), huhtikuussa 2014 Kust. Fennica-Gehrman Pianokonsertto (2008) Tilaaja: Joensuun kaupunginorkesteri Kokoonpano: 2222\/2200\/01, str\u00a0 Kesto: 31 minuuttia Kantaesitys: Joensuun kaupunginorkesteri, kapellimestari Esa Heikkil\u00e4, solisti Iiro Rantala (piano), 27.11.2008 Kust&#8230;.<\/p>","protected":false},"author":1,"featured_media":0,"parent":0,"menu_order":0,"comment_status":"closed","ping_status":"closed","template":"full-width","meta":{"footnotes":""},"class_list":["post-108","page","type-page","status-publish","hentry"],"_links":{"self":[{"href":"https:\/\/tapiotuomela.fi\/en\/wp-json\/wp\/v2\/pages\/108","targetHints":{"allow":["GET"]}}],"collection":[{"href":"https:\/\/tapiotuomela.fi\/en\/wp-json\/wp\/v2\/pages"}],"about":[{"href":"https:\/\/tapiotuomela.fi\/en\/wp-json\/wp\/v2\/types\/page"}],"author":[{"embeddable":true,"href":"https:\/\/tapiotuomela.fi\/en\/wp-json\/wp\/v2\/users\/1"}],"replies":[{"embeddable":true,"href":"https:\/\/tapiotuomela.fi\/en\/wp-json\/wp\/v2\/comments?post=108"}],"version-history":[{"count":40,"href":"https:\/\/tapiotuomela.fi\/en\/wp-json\/wp\/v2\/pages\/108\/revisions"}],"predecessor-version":[{"id":1030,"href":"https:\/\/tapiotuomela.fi\/en\/wp-json\/wp\/v2\/pages\/108\/revisions\/1030"}],"wp:attachment":[{"href":"https:\/\/tapiotuomela.fi\/en\/wp-json\/wp\/v2\/media?parent=108"}],"curies":[{"name":"wp","href":"https:\/\/api.w.org\/{rel}","templated":true}]}}