{"id":120,"date":"2026-01-12T22:10:48","date_gmt":"2026-01-12T22:10:48","guid":{"rendered":"http:\/\/tapio-tuomela-v1.local\/?page_id=120"},"modified":"2026-04-27T11:07:13","modified_gmt":"2026-04-27T11:07:13","slug":"nayttamomusiikki","status":"publish","type":"page","link":"https:\/\/tapiotuomela.fi\/en\/nayttamomusiikki\/","title":{"rendered":"Works for stage"},"content":{"rendered":"\t\t<div data-elementor-type=\"wp-page\" data-elementor-id=\"120\" class=\"elementor elementor-120\">\n\t\t\t\t<div class=\"elementor-element elementor-element-8e80769 e-flex e-con-boxed e-con e-parent\" data-id=\"8e80769\" data-element_type=\"container\" data-e-type=\"container\">\n\t\t\t\t\t<div class=\"e-con-inner\">\n\t\t\t\t<div class=\"elementor-element elementor-element-96b4eed elementor-widget elementor-widget-heading\" data-id=\"96b4eed\" data-element_type=\"widget\" data-e-type=\"widget\" data-widget_type=\"heading.default\">\n\t\t\t\t\t<h2 class=\"elementor-heading-title elementor-size-default\">N\u00e4ytt\u00e4m\u00f6musiikki<\/h2>\t\t\t\t<\/div>\n\t\t\t\t\t<\/div>\n\t\t\t\t<\/div>\n\t\t<div class=\"elementor-element elementor-element-030f03c e-flex e-con-boxed e-con e-parent\" data-id=\"030f03c\" data-element_type=\"container\" data-e-type=\"container\">\n\t\t\t\t\t<div class=\"e-con-inner\">\n\t\t<div class=\"elementor-element elementor-element-d63a28f e-con-full e-flex e-con e-child\" data-id=\"d63a28f\" data-element_type=\"container\" data-e-type=\"container\">\n\t\t<div class=\"elementor-element elementor-element-adb551a e-con-full e-flex e-con e-child\" data-id=\"adb551a\" data-element_type=\"container\" data-e-type=\"container\">\n\t\t<div class=\"elementor-element elementor-element-7a6b3a0 e-con-full e-flex e-con e-child\" data-id=\"7a6b3a0\" data-element_type=\"container\" data-e-type=\"container\">\n\t\t\t\t<div class=\"elementor-element elementor-element-c74c342 elementor-widget elementor-widget-heading\" data-id=\"c74c342\" data-element_type=\"widget\" data-e-type=\"widget\" data-widget_type=\"heading.default\">\n\t\t\t\t\t<h2 class=\"elementor-heading-title elementor-size-default\">Karvalakkiooppera (Fur Hat Opera) 2022<\/h2>\t\t\t\t<\/div>\n\t\t\t\t<\/div>\n\t\t<div class=\"elementor-element elementor-element-cc82fce e-con-full e-flex e-con e-child\" data-id=\"cc82fce\" data-element_type=\"container\" data-e-type=\"container\">\n\t\t\t\t<div class=\"elementor-element elementor-element-821ecf1 elementor-widget elementor-widget-text-editor\" data-id=\"821ecf1\" data-element_type=\"widget\" data-e-type=\"widget\" data-widget_type=\"text-editor.default\">\n\t\t\t\t\t\t\t\t\t<p>Tilaaja: Kemijoen Kulttuurituki ry, Libretto Sami Parkkinen<\/p><p>Perustuu Olli Tiuraniemen tarinoihin<\/p><p>Kokoonpano: 2 female roles (sopr.), 8 male roles (3ten, 3bar, 2bass), female choir, chamber orchestra 1 \/fl alto\/1\/1 \/bass-cl\/1 \/cfg\/1cor\/pno\/str<\/p><p>Kesto: 105 mins<\/p><p>Video:<\/p><p>Director: Erik S\u00f6derblom<br \/>Conductor: John Storg\u00e5rds &#8211; Lapland Chamber Orchestra <br \/>Cast:<br \/>Ville Rusanen, Reino &#8211; former salmon fisherman<br \/>Mari Palo, Eevi &#8211; Reino&#8217;s wife<br \/>Hannu Niemel\u00e4, Eelis &#8211; head of the fur cap delegation<br \/>Aki Alamikkotervo, Lasse &#8211; members of the delegation<br \/>Jouni Kokora, Jouko &#8211; members of the delegation<br \/>Nicholas S\u00f6derlund, Jaakko &#8211; members of the delegation <br \/>Hanna Rantala, Piija &#8211; A young woman in Kekkonen&#8217;s sauna <br \/>Lasse Penttinen, H\u00e4yrynen &#8211; journalist<br \/>Markus Nieminen, V\u00e4yrynen &#8211; minister<br \/>Tuomas Miettola, Virolainen &#8211; minister<br \/>Tuomas Miettola, Virolainen &#8211; minister<br \/>Samuli Takkula, Kekkonen &#8211; president<br \/>Laura Salovaara, Hinkkasen Pate &#8211; welder from K\u00e4pyl\u00e4<br \/>Kaari-ensemble &#8211; village women<\/p><p>Video: Heikki Huttu-<br \/>Hiltunen, Otso Pakarinen <br \/>Light design: Jukka Huitila<br \/>Costume design: Silvia Jurvansuu, Anniliina Parkkinen<\/p><p>Producer: Olli Tiuraniemi<\/p><p>The events take place at the Kemijoki river, in Jaatila village and in Helsinki in 1979.<br \/>Recorded in the Almi Hall of the Finnish National Opera 9.9.2022<\/p><p>Photography and editing: Clutch Productions, Emil and Artur Sallinen<br \/>Sound: Pro Audile, Matti Heinonen<\/p>\t\t\t\t\t\t\t\t<\/div>\n\t\t\t\t<\/div>\n\t\t\t\t<\/div>\n\t\t<div class=\"elementor-element elementor-element-0f6b848 e-con-full e-flex e-con e-child\" data-id=\"0f6b848\" data-element_type=\"container\" data-e-type=\"container\">\n\t\t\t\t<div class=\"elementor-element elementor-element-ebbe200 elementor-widget elementor-widget-video\" data-id=\"ebbe200\" data-element_type=\"widget\" data-e-type=\"widget\" data-settings=\"{&quot;youtube_url&quot;:&quot;https:\\\/\\\/www.youtube.com\\\/watch?v=RQAuDrZSi6M&quot;,&quot;video_type&quot;:&quot;youtube&quot;,&quot;controls&quot;:&quot;yes&quot;}\" data-widget_type=\"video.default\">\n\t\t\t\t\t\t\t<div class=\"elementor-wrapper elementor-open-inline\">\n\t\t\t<div class=\"elementor-video\"><\/div>\t\t<\/div>\n\t\t\t\t\t\t<\/div>\n\t\t\t\t<\/div>\n\t\t\t\t<\/div>\n\t\t\t\t\t<\/div>\n\t\t\t\t<\/div>\n\t\t<div class=\"elementor-element elementor-element-e6b1632 e-flex e-con-boxed e-con e-parent\" data-id=\"e6b1632\" data-element_type=\"container\" data-e-type=\"container\">\n\t\t\t\t\t<div class=\"e-con-inner\">\n\t\t<div class=\"elementor-element elementor-element-8fd9a31 e-con-full e-flex e-con e-child\" data-id=\"8fd9a31\" data-element_type=\"container\" data-e-type=\"container\">\n\t\t<div class=\"elementor-element elementor-element-2ab8b68 e-con-full e-flex e-con e-child\" data-id=\"2ab8b68\" data-element_type=\"container\" data-e-type=\"container\">\n\t\t<div class=\"elementor-element elementor-element-9e93387 e-con-full e-flex e-con e-child\" data-id=\"9e93387\" data-element_type=\"container\" data-e-type=\"container\">\n\t\t\t\t<div class=\"elementor-element elementor-element-c52280e elementor-widget elementor-widget-heading\" data-id=\"c52280e\" data-element_type=\"widget\" data-e-type=\"widget\" data-widget_type=\"heading.default\">\n\t\t\t\t\t<h2 class=\"elementor-heading-title elementor-size-default\">Nelj\u00e4ntienristeys -ooppera (2017)<\/h2>\t\t\t\t<\/div>\n\t\t\t\t<\/div>\n\t\t\t\t<div class=\"elementor-element elementor-element-f4ca4dd elementor-widget elementor-widget-text-editor\" data-id=\"f4ca4dd\" data-element_type=\"widget\" data-e-type=\"widget\" data-widget_type=\"text-editor.default\">\n\t\t\t\t\t\t\t\t\t<p>Tilaaja: Oulu City Theatre<\/p><p>Teksti: Sami Parkkinen\u00a0 Tommi Kinnusen novellista<\/p><p>Kokoonpano: 2222\/2221\/1 or 2 perc\/keyb.\/ str<\/p><p>Kesto: 95 minuuttia<\/p><div data-olk-copy-source=\"MessageBody\">Roolit:<\/div><div data-olk-copy-source=\"MessageBody\">Jenny Carlstedt, mezzosopraano<\/div><div>Gabriel Suovanen, baritoni<\/div><div>Virpi R\u00e4is\u00e4nen, mezzosopraano<\/div><div>Virva Puumala, sopraano<\/div><div>Janne Sihvo, basso<\/div>\t\t\t\t\t\t\t\t<\/div>\n\t\t<div class=\"elementor-element elementor-element-d963f10 e-con-full e-flex e-con e-child\" data-id=\"d963f10\" data-element_type=\"container\" data-e-type=\"container\">\n\t\t\t\t<div class=\"elementor-element elementor-element-222d786 elementor-widget elementor-widget-avp-audio\" data-id=\"222d786\" data-element_type=\"widget\" data-e-type=\"widget\" data-widget_type=\"avp-audio.default\">\n\t\t\t\t<div class=\"elementor-widget-container\">\n\t\t\t\t\t<div id=\"ms_avp\" style=\"max-width:99%;box-sizing:border-box;margin-left:auto;margin-right:auto;margin-top:2px;width:100%;\"><audio id=\"codepeople_media_player1777307899866548\" width=\"100%\" class=\"codepeople-media device-player-skin\" preload=\"none\" style=\"max-width:99%;box-sizing:border-box;margin-left:auto;margin-right:auto;margin-top:2px;width:100%;\"><source src=\"\/\/tapiotuomela.fi\/wp-content\/uploads\/2026\/02\/Neljantienristeys-oopperan-2.-naytoksen-alusta.mp3\" type=\"audio\/mp3\" \/><\/audio><ul id=\"codepeople_media_player1777307899866548-list\" class=\"\" style=\"display:none;\"><li value=\"{&quot;source&quot;:[{&quot;src&quot;:&quot;\\\/\\\/tapiotuomela.fi\\\/wp-content\\\/uploads\\\/2026\\\/02\\\/Neljantienristeys-oopperan-2.-naytoksen-alusta.mp3&quot;,&quot;type&quot;:&quot;audio\\\/mp3&quot;}],&quot;track&quot;:[]}\"><span class=\"cpmp-annotation\">Nelj\u00e4ntienristeys-ooppera 2.n\u00e4yt\u00f6ksen alku<\/span><\/li><\/ul><noscript>audio-and-video-player require JavaScript<\/noscript><div style=\"clear:both;\"><\/div><\/div>\t\t\t\t<\/div>\n\t\t\t\t<\/div>\n\t\t\t\t<\/div>\n\t\t\t\t<\/div>\n\t\t<div class=\"elementor-element elementor-element-687dba8 e-con-full e-flex e-con e-child\" data-id=\"687dba8\" data-element_type=\"container\" data-e-type=\"container\">\n\t\t\t\t<div class=\"elementor-element elementor-element-9d5a2a0 elementor-widget elementor-widget-image\" data-id=\"9d5a2a0\" data-element_type=\"widget\" data-e-type=\"widget\" data-widget_type=\"image.default\">\n\t\t\t\t\t\t\t\t\t\t\t\t\t\t\t<img decoding=\"async\" src=\"https:\/\/tapiotuomela.fi\/wp-content\/plugins\/elementor\/assets\/images\/placeholder.png\" title=\"\" alt=\"\" loading=\"lazy\" \/>\t\t\t\t\t\t\t\t\t\t\t\t\t\t\t<\/div>\n\t\t\t\t<\/div>\n\t\t\t\t<\/div>\n\t\t\t\t\t<\/div>\n\t\t\t\t<\/div>\n\t\t<div class=\"elementor-element elementor-element-064da3e e-flex e-con-boxed e-con e-parent\" data-id=\"064da3e\" data-element_type=\"container\" data-e-type=\"container\">\n\t\t\t\t\t<div class=\"e-con-inner\">\n\t\t<div class=\"elementor-element elementor-element-0b08262 e-con-full e-flex e-con e-child\" data-id=\"0b08262\" data-element_type=\"container\" data-e-type=\"container\">\n\t\t<div class=\"elementor-element elementor-element-b479774 e-con-full e-flex e-con e-child\" data-id=\"b479774\" data-element_type=\"container\" data-e-type=\"container\">\n\t\t<div class=\"elementor-element elementor-element-8e244e6 e-con-full e-flex e-con e-child\" data-id=\"8e244e6\" data-element_type=\"container\" data-e-type=\"container\">\n\t\t\t\t<div class=\"elementor-element elementor-element-5d5c0cc elementor-widget elementor-widget-heading\" data-id=\"5d5c0cc\" data-element_type=\"widget\" data-e-type=\"widget\" data-widget_type=\"heading.default\">\n\t\t\t\t\t<h2 class=\"elementor-heading-title elementor-size-default\">Antti Puuhaara, kamariooppera \u2013 melodraama (2008-2010)<\/h2>\t\t\t\t<\/div>\n\t\t\t\t<\/div>\n\t\t<div class=\"elementor-element elementor-element-5b6b431 e-con-full e-flex e-con e-child\" data-id=\"5b6b431\" data-element_type=\"container\" data-e-type=\"container\">\n\t\t\t\t<div class=\"elementor-element elementor-element-4d99109 elementor-widget elementor-widget-text-editor\" data-id=\"4d99109\" data-element_type=\"widget\" data-e-type=\"widget\" data-widget_type=\"text-editor.default\">\n\t\t\t\t\t\t\t\t\t<p>Tilaaja: Ensemble Musicatreize (EU-projekti <i>Sept Contes<\/i>)<\/p><p class=\"p1\">Teksti: Erik S\u00f6derblom ja Tapio Tuomela<\/p><p>Kokoonpano: 12 laulajaa (sooloissa ja ensembleiss\u00e4)<\/p><p>Soitinnus: cl\/Bcl, arpa, accordion, vl, vla, vc<\/p><p>Kesto: 72 minuuttia<\/p><p>Julkaisija: Fennica-Gehrman, Actes Sud (CD book)<\/p>\t\t\t\t\t\t\t\t<\/div>\n\t\t\t\t<div class=\"elementor-element elementor-element-e6f0f5e elementor-widget elementor-widget-avp-audio\" data-id=\"e6f0f5e\" data-element_type=\"widget\" data-e-type=\"widget\" data-widget_type=\"avp-audio.default\">\n\t\t\t\t<div class=\"elementor-widget-container\">\n\t\t\t\t\t<div id=\"ms_avp\" style=\"max-width:99%;box-sizing:border-box;margin-left:auto;margin-right:auto;margin-top:2px;width:100%;\"><audio id=\"codepeople_media_player1777307899466652\" width=\"100%\" class=\"codepeople-media device-player-skin\" preload=\"none\" style=\"max-width:99%;box-sizing:border-box;margin-left:auto;margin-right:auto;margin-top:2px;width:100%;\"><source src=\"\/\/tapiotuomela.fi\/wp-content\/uploads\/2026\/02\/09-Antti-Puuhaara-_-XIX.mp3\" type=\"audio\/mp3\" \/><\/audio><ul id=\"codepeople_media_player1777307899466652-list\" class=\"\" style=\"display:none;\"><li value=\"{&quot;source&quot;:[{&quot;src&quot;:&quot;\\\/\\\/tapiotuomela.fi\\\/wp-content\\\/uploads\\\/2026\\\/02\\\/09-Antti-Puuhaara-_-XIX.mp3&quot;,&quot;type&quot;:&quot;audio\\\/mp3&quot;}],&quot;track&quot;:[]}\"><span class=\"cpmp-annotation\">Antti Puuhaara : XIX.<\/span><\/li> <li value=\"{&quot;source&quot;:[{&quot;src&quot;:&quot;\\\/\\\/tapiotuomela.fi\\\/wp-content\\\/uploads\\\/2026\\\/02\\\/08-Antti-Puuhaara-_-VIII.mp3&quot;,&quot;type&quot;:&quot;audio\\\/mp3&quot;}],&quot;track&quot;:[]}\"><span class=\"cpmp-annotation\">Antti Puuhaara : VIII.<\/span><\/li><\/ul><noscript>audio-and-video-player require JavaScript<\/noscript><div style=\"clear:both;\"><\/div><\/div>\t\t\t\t<\/div>\n\t\t\t\t<\/div>\n\t\t\t\t<\/div>\n\t\t\t\t<\/div>\n\t\t<div class=\"elementor-element elementor-element-6b5ba18 e-con-full e-flex e-con e-child\" data-id=\"6b5ba18\" data-element_type=\"container\" data-e-type=\"container\">\n\t\t\t\t<div class=\"elementor-element elementor-element-1e5cb12 elementor-widget elementor-widget-image\" data-id=\"1e5cb12\" data-element_type=\"widget\" data-e-type=\"widget\" data-widget_type=\"image.default\">\n\t\t\t\t\t\t\t\t\t\t\t\t\t\t\t<img fetchpriority=\"high\" decoding=\"async\" width=\"1024\" height=\"1024\" src=\"https:\/\/tapiotuomela.fi\/wp-content\/uploads\/2026\/02\/Antti-Puuhaara-1024x1024.jpg\" class=\"attachment-large size-large wp-image-883\" alt=\"\" srcset=\"https:\/\/tapiotuomela.fi\/wp-content\/uploads\/2026\/02\/Antti-Puuhaara-1024x1024.jpg 1024w, https:\/\/tapiotuomela.fi\/wp-content\/uploads\/2026\/02\/Antti-Puuhaara-300x300.jpg 300w, https:\/\/tapiotuomela.fi\/wp-content\/uploads\/2026\/02\/Antti-Puuhaara-150x150.jpg 150w, https:\/\/tapiotuomela.fi\/wp-content\/uploads\/2026\/02\/Antti-Puuhaara-768x768.jpg 768w, https:\/\/tapiotuomela.fi\/wp-content\/uploads\/2026\/02\/Antti-Puuhaara-1536x1536.jpg 1536w, https:\/\/tapiotuomela.fi\/wp-content\/uploads\/2026\/02\/Antti-Puuhaara.jpg 2012w\" sizes=\"(max-width: 1024px) 100vw, 1024px\" \/>\t\t\t\t\t\t\t\t\t\t\t\t\t\t\t<\/div>\n\t\t\t\t<\/div>\n\t\t\t\t<\/div>\n\t\t\t\t\t<\/div>\n\t\t\t\t<\/div>\n\t\t<div class=\"elementor-element elementor-element-7ed2461 e-flex e-con-boxed e-con e-parent\" data-id=\"7ed2461\" data-element_type=\"container\" data-e-type=\"container\">\n\t\t\t\t\t<div class=\"e-con-inner\">\n\t\t<div class=\"elementor-element elementor-element-b1c5e36 e-con-full e-flex e-con e-child\" data-id=\"b1c5e36\" data-element_type=\"container\" data-e-type=\"container\">\n\t\t<div class=\"elementor-element elementor-element-815f569 e-con-full e-flex e-con e-child\" data-id=\"815f569\" data-element_type=\"container\" data-e-type=\"container\">\n\t\t<div class=\"elementor-element elementor-element-4dee94f e-con-full e-flex e-con e-child\" data-id=\"4dee94f\" data-element_type=\"container\" data-e-type=\"container\">\n\t\t\t\t<div class=\"elementor-element elementor-element-a98a8cc elementor-widget elementor-widget-heading\" data-id=\"a98a8cc\" data-element_type=\"widget\" data-e-type=\"widget\" data-widget_type=\"heading.default\">\n\t\t\t\t\t<h2 class=\"elementor-heading-title elementor-size-default\">\u00c4idit ja tytt\u00e4ret\/Mothers and Daughters -ooppera (1999)<\/h2>\t\t\t\t<\/div>\n\t\t\t\t<\/div>\n\t\t<div class=\"elementor-element elementor-element-e57ee00 e-con-full e-flex e-con e-child\" data-id=\"e57ee00\" data-element_type=\"container\" data-e-type=\"container\">\n\t\t\t\t<div class=\"elementor-element elementor-element-0f90d68 elementor-widget elementor-widget-text-editor\" data-id=\"0f90d68\" data-element_type=\"widget\" data-e-type=\"widget\" data-widget_type=\"text-editor.default\">\n\t\t\t\t\t\t\t\t\t<p>Tilaaja: Kansallisooppera Kalevalan 150-vuotisjuhlavuoden kunniaksi<\/p><p>Teksti: Paavo Haavikko, vapaasti Lemmink\u00e4isen tarinasta (Kalevala)<\/p><p>Kokoonpano: 6 naislaulajaa, 1 mieslaulaja (baritoni)<br \/>2222\/2201\/2 perc\/keyb.\/ str<\/p><p>Kesto: 100 minuuttia<\/p><p>Julkaisija: Fennica-Gehrman, Aulos 2-CD<\/p>\t\t\t\t\t\t\t\t<\/div>\n\t\t\t\t<\/div>\n\t\t\t\t<\/div>\n\t\t<div class=\"elementor-element elementor-element-6e24330 e-con-full e-flex e-con e-child\" data-id=\"6e24330\" data-element_type=\"container\" data-e-type=\"container\">\n\t\t\t\t<div class=\"elementor-element elementor-element-5b922c7 elementor-widget elementor-widget-image\" data-id=\"5b922c7\" data-element_type=\"widget\" data-e-type=\"widget\" data-widget_type=\"image.default\">\n\t\t\t\t\t\t\t\t\t\t\t\t\t\t\t<img decoding=\"async\" width=\"1024\" height=\"906\" src=\"https:\/\/tapiotuomela.fi\/wp-content\/uploads\/2026\/02\/Aidit-ja-Tyttaret-1024x906.jpg\" class=\"attachment-large size-large wp-image-882\" alt=\"\" srcset=\"https:\/\/tapiotuomela.fi\/wp-content\/uploads\/2026\/02\/Aidit-ja-Tyttaret-1024x906.jpg 1024w, https:\/\/tapiotuomela.fi\/wp-content\/uploads\/2026\/02\/Aidit-ja-Tyttaret-300x265.jpg 300w, https:\/\/tapiotuomela.fi\/wp-content\/uploads\/2026\/02\/Aidit-ja-Tyttaret-768x679.jpg 768w, https:\/\/tapiotuomela.fi\/wp-content\/uploads\/2026\/02\/Aidit-ja-Tyttaret-1536x1359.jpg 1536w, https:\/\/tapiotuomela.fi\/wp-content\/uploads\/2026\/02\/Aidit-ja-Tyttaret.jpg 2045w\" sizes=\"(max-width: 1024px) 100vw, 1024px\" \/>\t\t\t\t\t\t\t\t\t\t\t\t\t\t\t<\/div>\n\t\t\t\t<\/div>\n\t\t\t\t<\/div>\n\t\t\t\t\t<\/div>\n\t\t\t\t<\/div>\n\t\t<div class=\"elementor-element elementor-element-ccaa25f e-flex e-con-boxed e-con e-parent\" data-id=\"ccaa25f\" data-element_type=\"container\" data-e-type=\"container\">\n\t\t\t\t\t<div class=\"e-con-inner\">\n\t\t<div class=\"elementor-element elementor-element-d5b50ea e-con-full e-flex e-con e-child\" data-id=\"d5b50ea\" data-element_type=\"container\" data-e-type=\"container\">\n\t\t<div class=\"elementor-element elementor-element-d477009 e-con-full e-flex e-con e-child\" data-id=\"d477009\" data-element_type=\"container\" data-e-type=\"container\">\n\t\t<div class=\"elementor-element elementor-element-2d8c7e5 e-con-full e-flex e-con e-child\" data-id=\"2d8c7e5\" data-element_type=\"container\" data-e-type=\"container\">\n\t\t\t\t<div class=\"elementor-element elementor-element-535ee75 elementor-widget elementor-widget-heading\" data-id=\"535ee75\" data-element_type=\"widget\" data-e-type=\"widget\" data-widget_type=\"heading.default\">\n\t\t\t\t\t<h2 class=\"elementor-heading-title elementor-size-default\">Korvan tarina \/ Ear\u2019s Tale, kokeellinen meta-kamariooppera (1991)<\/h2>\t\t\t\t<\/div>\n\t\t\t\t<\/div>\n\t\t<div class=\"elementor-element elementor-element-d407335 e-con-full e-flex e-con e-child\" data-id=\"d407335\" data-element_type=\"container\" data-e-type=\"container\">\n\t\t\t\t<div class=\"elementor-element elementor-element-045fd64 elementor-widget elementor-widget-text-editor\" data-id=\"045fd64\" data-element_type=\"widget\" data-e-type=\"widget\" data-widget_type=\"text-editor.default\">\n\t\t\t\t\t\t\t\t\t<p>Tilaaja: Kansallisooppera<\/p><p>Teksti: J-P Hotinen ja Mika Aalto-Set\u00e4l\u00e4<\/p><p>Kokoonpano: Vokaaliyhtye (5 laulajaa), 2 pianoa, 8 mallinukkea, 1 koira<\/p><p>Kesto: M\u00e4\u00e4rittelem\u00e4t\u00f6n<\/p>\t\t\t\t\t\t\t\t<\/div>\n\t\t\t\t<\/div>\n\t\t\t\t<\/div>\n\t\t<div class=\"elementor-element elementor-element-4a517f2 e-con-full e-flex e-con e-child\" data-id=\"4a517f2\" data-element_type=\"container\" data-e-type=\"container\">\n\t\t\t\t<div class=\"elementor-element elementor-element-c193d71 elementor-widget elementor-widget-image\" data-id=\"c193d71\" data-element_type=\"widget\" data-e-type=\"widget\" data-widget_type=\"image.default\">\n\t\t\t\t\t\t\t\t\t\t\t\t\t\t\t<img decoding=\"async\" src=\"https:\/\/tapiotuomela.fi\/wp-content\/plugins\/elementor\/assets\/images\/placeholder.png\" title=\"\" alt=\"\" loading=\"lazy\" \/>\t\t\t\t\t\t\t\t\t\t\t\t\t\t\t<\/div>\n\t\t\t\t<\/div>\n\t\t\t\t<\/div>\n\t\t\t\t\t<\/div>\n\t\t\t\t<\/div>\n\t\t\t\t<\/div>\n\t\t","protected":false},"excerpt":{"rendered":"<p>N\u00e4ytt\u00e4m\u00f6musiikki Karvalakkiooppera (Fur Hat Opera) 2022 Tilaaja: Kemijoen Kulttuurituki ry, Libretto Sami Parkkinen Perustuu Olli Tiuraniemen tarinoihin Kokoonpano: 2 female roles (sopr.), 8 male roles (3ten, 3bar, 2bass), female choir, chamber orchestra 1 \/fl alto\/1\/1 \/bass-cl\/1 \/cfg\/1cor\/pno\/str Kesto: 105 mins Video: Director: Erik S\u00f6derblomConductor: John Storg\u00e5rds &#8211; Lapland Chamber Orchestra Cast:Ville Rusanen, Reino &#8211; former&#8230;<\/p>","protected":false},"author":1,"featured_media":0,"parent":0,"menu_order":0,"comment_status":"closed","ping_status":"closed","template":"full-width","meta":{"footnotes":""},"class_list":["post-120","page","type-page","status-publish","hentry"],"_links":{"self":[{"href":"https:\/\/tapiotuomela.fi\/en\/wp-json\/wp\/v2\/pages\/120","targetHints":{"allow":["GET"]}}],"collection":[{"href":"https:\/\/tapiotuomela.fi\/en\/wp-json\/wp\/v2\/pages"}],"about":[{"href":"https:\/\/tapiotuomela.fi\/en\/wp-json\/wp\/v2\/types\/page"}],"author":[{"embeddable":true,"href":"https:\/\/tapiotuomela.fi\/en\/wp-json\/wp\/v2\/users\/1"}],"replies":[{"embeddable":true,"href":"https:\/\/tapiotuomela.fi\/en\/wp-json\/wp\/v2\/comments?post=120"}],"version-history":[{"count":62,"href":"https:\/\/tapiotuomela.fi\/en\/wp-json\/wp\/v2\/pages\/120\/revisions"}],"predecessor-version":[{"id":1150,"href":"https:\/\/tapiotuomela.fi\/en\/wp-json\/wp\/v2\/pages\/120\/revisions\/1150"}],"wp:attachment":[{"href":"https:\/\/tapiotuomela.fi\/en\/wp-json\/wp\/v2\/media?parent=120"}],"curies":[{"name":"wp","href":"https:\/\/api.w.org\/{rel}","templated":true}]}}