{"id":18,"date":"2026-01-12T21:17:40","date_gmt":"2026-01-12T21:17:40","guid":{"rendered":"http:\/\/tapio-tuomela-v1.local\/?page_id=18"},"modified":"2026-01-15T22:55:35","modified_gmt":"2026-01-15T22:55:35","slug":"arvioita","status":"publish","type":"page","link":"https:\/\/tapiotuomela.fi\/en\/arvioita\/","title":{"rendered":"Reviews"},"content":{"rendered":"<div data-elementor-type=\"wp-page\" data-elementor-id=\"18\" class=\"elementor elementor-18\">\n\t\t\t\t<div class=\"elementor-element elementor-element-3154ec5 e-flex e-con-boxed e-con e-parent\" data-id=\"3154ec5\" data-element_type=\"container\" data-e-type=\"container\">\n\t\t\t\t\t<div class=\"e-con-inner\">\n\t\t\t\t<div class=\"elementor-element elementor-element-2801ba6 elementor-widget elementor-widget-heading\" data-id=\"2801ba6\" data-element_type=\"widget\" data-e-type=\"widget\" data-widget_type=\"heading.default\">\n\t\t\t\t\t<h2 class=\"elementor-heading-title elementor-size-default\">Joroisten Musiikkip\u00e4iv\u00e4t on l\u00f6yt\u00e4nyt ainutlaatuisuutensa uudestaan, Savon Sanomat, 23.7.2025<\/h2>\t\t\t\t<\/div>\n\t\t\t\t\t<\/div>\n\t\t\t\t<\/div>\n\t\t<div class=\"elementor-element elementor-element-fb6c39c e-flex e-con-boxed e-con e-parent\" data-id=\"fb6c39c\" data-element_type=\"container\" data-e-type=\"container\">\n\t\t\t\t\t<div class=\"e-con-inner\">\n\t\t\t\t<div class=\"elementor-element elementor-element-0de1f9a elementor-widget elementor-widget-text-editor\" data-id=\"0de1f9a\" data-element_type=\"widget\" data-e-type=\"widget\" data-widget_type=\"text-editor.default\">\n\t\t\t\t\t\t\t\t\t<p>Sopraano Iida Antolan teht\u00e4v\u00e4 laulaa t\u00e4ysi ja melko haastava konserttiohjelma varsin kuumissa olosuhteissa Kosknhovin kartanon salissa maanantai-iltana ei ollut lainkaan helppo&#8230;<\/p>\t\t\t\t\t\t\t\t<\/div>\n\t\t\t\t<div class=\"elementor-element elementor-element-7998f95 elementor-button-info elementor-align-center elementor-widget elementor-widget-button\" data-id=\"7998f95\" data-element_type=\"widget\" data-e-type=\"widget\" data-widget_type=\"button.default\">\n\t\t\t\t\t\t\t\t\t\t<a class=\"elementor-button elementor-button-link elementor-size-sm\" href=\"https:\/\/tapiotuomela.fi\/en\/joroisten-musiikkipaivat-on-loytanyt-ainutlaatuisuutensa-uudestaan-savon-sanomat-23-7-2025\/\">\n\t\t\t\t\t\t<span class=\"elementor-button-content-wrapper\">\n\t\t\t\t\t\t\t\t\t<span class=\"elementor-button-text\">Read more<\/span>\n\t\t\t\t\t<\/span>\n\t\t\t\t\t<\/a>\n\t\t\t\t\t\t\t\t<\/div>\n\t\t\t\t\t<\/div>\n\t\t\t\t<\/div>\n\t\t<div class=\"elementor-element elementor-element-91cfddc e-flex e-con-boxed e-con e-parent\" data-id=\"91cfddc\" data-element_type=\"container\" data-e-type=\"container\">\n\t\t\t\t\t<div class=\"e-con-inner\">\n\t\t\t\t<div class=\"elementor-element elementor-element-5a2a47c elementor-widget-divider--view-line elementor-widget elementor-widget-divider\" data-id=\"5a2a47c\" data-element_type=\"widget\" data-e-type=\"widget\" data-widget_type=\"divider.default\">\n\t\t\t\t\t\t\t<div class=\"elementor-divider\">\n\t\t\t<span class=\"elementor-divider-separator\">\n\t\t\t\t\t\t<\/span>\n\t\t<\/div>\n\t\t\t\t\t\t<\/div>\n\t\t\t\t\t<\/div>\n\t\t\t\t<\/div>\n\t\t<div class=\"elementor-element elementor-element-18920a6 e-flex e-con-boxed e-con e-parent\" data-id=\"18920a6\" data-element_type=\"container\" data-e-type=\"container\">\n\t\t\t\t\t<div class=\"e-con-inner\">\n\t\t\t\t<div class=\"elementor-element elementor-element-82aa0a0 elementor-widget elementor-widget-heading\" data-id=\"82aa0a0\" data-element_type=\"widget\" data-e-type=\"widget\" data-widget_type=\"heading.default\">\n\t\t\t\t\t<h2 class=\"elementor-heading-title elementor-size-default\">Karvalakkiooppera, lehtikritiikki Rondo, 12.9.2022<\/h2>\t\t\t\t<\/div>\n\t\t\t\t\t<\/div>\n\t\t\t\t<\/div>\n\t\t<div class=\"elementor-element elementor-element-1b3ffa0 e-flex e-con-boxed e-con e-parent\" data-id=\"1b3ffa0\" data-element_type=\"container\" data-e-type=\"container\">\n\t\t\t\t\t<div class=\"e-con-inner\">\n\t\t\t\t<div class=\"elementor-element elementor-element-eeac40f elementor-widget elementor-widget-text-editor\" data-id=\"eeac40f\" data-element_type=\"widget\" data-e-type=\"widget\" data-widget_type=\"text-editor.default\">\n\t\t\t\t\t\t\t\t\t<p>Arvio: Karvalakkiooppera, Kansallisoopperan Alminsali 10.9.2022. Musiikki Tapio Tuomela, libretto Sami Parkkinen (Olli Tiuraniemen kokoaman materiaalin pohjalta), ohjaus Erik S\u00f6derblom. Lapin kamariorkesteri, joht. John Storg\u00e5rds.<\/p><p>Karvalakkiooppera\u201d oli termi, jolla nuorempi s\u00e4velt\u00e4j\u00e4sukupolvi kutsui 1970- ja -80-luvuilla Aulis Sallisen ja Joonas Kokkoseen kaltaisten s\u00e4velt\u00e4jien oopperoita kotimaisine historiallisine aiheineen. Ovela kirjaimellinen omiminen on nyt tapahtunut Kemijoen kulttuurituki ry:n tuottaman Karvalakkioopperan my\u00f6t\u00e4&#8230;<\/p>\t\t\t\t\t\t\t\t<\/div>\n\t\t\t\t<div class=\"elementor-element elementor-element-3a11d97 elementor-button-info elementor-align-center elementor-widget elementor-widget-button\" data-id=\"3a11d97\" data-element_type=\"widget\" data-e-type=\"widget\" data-widget_type=\"button.default\">\n\t\t\t\t\t\t\t\t\t\t<a class=\"elementor-button elementor-button-link elementor-size-sm\" href=\"https:\/\/tapiotuomela.fi\/en\/karvalakkiooppera-lehtikritiikki-rondo-12-9-2022\/\">\n\t\t\t\t\t\t<span class=\"elementor-button-content-wrapper\">\n\t\t\t\t\t\t\t\t\t<span class=\"elementor-button-text\">Read more<\/span>\n\t\t\t\t\t<\/span>\n\t\t\t\t\t<\/a>\n\t\t\t\t\t\t\t\t<\/div>\n\t\t\t\t\t<\/div>\n\t\t\t\t<\/div>\n\t\t<div class=\"elementor-element elementor-element-83fda73 e-flex e-con-boxed e-con e-parent\" data-id=\"83fda73\" data-element_type=\"container\" data-e-type=\"container\">\n\t\t\t\t\t<div class=\"e-con-inner\">\n\t\t\t\t<div class=\"elementor-element elementor-element-aab3d26 elementor-widget-divider--view-line elementor-widget elementor-widget-divider\" data-id=\"aab3d26\" data-element_type=\"widget\" data-e-type=\"widget\" data-widget_type=\"divider.default\">\n\t\t\t\t\t\t\t<div class=\"elementor-divider\">\n\t\t\t<span class=\"elementor-divider-separator\">\n\t\t\t\t\t\t<\/span>\n\t\t<\/div>\n\t\t\t\t\t\t<\/div>\n\t\t\t\t\t<\/div>\n\t\t\t\t<\/div>\n\t\t<div class=\"elementor-element elementor-element-3394ff0 e-flex e-con-boxed e-con e-parent\" data-id=\"3394ff0\" data-element_type=\"container\" data-e-type=\"container\">\n\t\t\t\t\t<div class=\"e-con-inner\">\n\t\t\t\t<div class=\"elementor-element elementor-element-628f3ed elementor-widget elementor-widget-heading\" data-id=\"628f3ed\" data-element_type=\"widget\" data-e-type=\"widget\" data-widget_type=\"heading.default\">\n\t\t\t\t\t<h2 class=\"elementor-heading-title elementor-size-default\">Orden v\u00e4ger tungt f\u00f6r Tuomela (60-\u00e5rskonsert), Hufvudstadsbladet, 18.10.2018<\/h2>\t\t\t\t<\/div>\n\t\t\t\t\t<\/div>\n\t\t\t\t<\/div>\n\t\t<div class=\"elementor-element elementor-element-d926102 e-flex e-con-boxed e-con e-parent\" data-id=\"d926102\" data-element_type=\"container\" data-e-type=\"container\">\n\t\t\t\t\t<div class=\"e-con-inner\">\n\t\t\t\t<div class=\"elementor-element elementor-element-2c724d0 elementor-widget elementor-widget-text-editor\" data-id=\"2c724d0\" data-element_type=\"widget\" data-e-type=\"widget\" data-widget_type=\"text-editor.default\">\n\t\t\t\t\t\t\t\t\t<p>Enligt Tapio Tuomela leder olikheter mellan olika spr\u00e5k till olikheter i musiken. Skillnaderna mellan spr\u00e5ken blev uppenbara i s\u00e5ngerna som h\u00f6rdes under kompositionskonserten p\u00e5 Musikhuset&#8230;<\/p>\t\t\t\t\t\t\t\t<\/div>\n\t\t\t\t<div class=\"elementor-element elementor-element-d8c0025 elementor-button-info elementor-align-center elementor-widget elementor-widget-button\" data-id=\"d8c0025\" data-element_type=\"widget\" data-e-type=\"widget\" data-widget_type=\"button.default\">\n\t\t\t\t\t\t\t\t\t\t<a class=\"elementor-button elementor-button-link elementor-size-sm\" href=\"https:\/\/tapiotuomela.fi\/en\/orden-vager-tungt-for-tuomela-60-arskonsert-hufvudstadsbladet-18-10-2018\/\">\n\t\t\t\t\t\t<span class=\"elementor-button-content-wrapper\">\n\t\t\t\t\t\t\t\t\t<span class=\"elementor-button-text\">Read more<\/span>\n\t\t\t\t\t<\/span>\n\t\t\t\t\t<\/a>\n\t\t\t\t\t\t\t\t<\/div>\n\t\t\t\t\t<\/div>\n\t\t\t\t<\/div>\n\t\t<div class=\"elementor-element elementor-element-beb0abe e-flex e-con-boxed e-con e-parent\" data-id=\"beb0abe\" data-element_type=\"container\" data-e-type=\"container\">\n\t\t\t\t\t<div class=\"e-con-inner\">\n\t\t\t\t<div class=\"elementor-element elementor-element-ca6cd00 elementor-widget-divider--view-line elementor-widget elementor-widget-divider\" data-id=\"ca6cd00\" data-element_type=\"widget\" data-e-type=\"widget\" data-widget_type=\"divider.default\">\n\t\t\t\t\t\t\t<div class=\"elementor-divider\">\n\t\t\t<span class=\"elementor-divider-separator\">\n\t\t\t\t\t\t<\/span>\n\t\t<\/div>\n\t\t\t\t\t\t<\/div>\n\t\t\t\t\t<\/div>\n\t\t\t\t<\/div>\n\t\t<div class=\"elementor-element elementor-element-0df241a e-flex e-con-boxed e-con e-parent\" data-id=\"0df241a\" data-element_type=\"container\" data-e-type=\"container\">\n\t\t\t\t\t<div class=\"e-con-inner\">\n\t\t\t\t<div class=\"elementor-element elementor-element-9c7f212 elementor-widget elementor-widget-heading\" data-id=\"9c7f212\" data-element_type=\"widget\" data-e-type=\"widget\" data-widget_type=\"heading.default\">\n\t\t\t\t\t<h2 class=\"elementor-heading-title elementor-size-default\">Suomi 100 vuotta, Etel\u00e4-Suomen Sanomat 8.12.2017<\/h2>\t\t\t\t<\/div>\n\t\t\t\t\t<\/div>\n\t\t\t\t<\/div>\n\t\t<div class=\"elementor-element elementor-element-a193b1f e-flex e-con-boxed e-con e-parent\" data-id=\"a193b1f\" data-element_type=\"container\" data-e-type=\"container\">\n\t\t\t\t\t<div class=\"e-con-inner\">\n\t\t\t\t<div class=\"elementor-element elementor-element-4f7874d elementor-widget elementor-widget-text-editor\" data-id=\"4f7874d\" data-element_type=\"widget\" data-e-type=\"widget\" data-widget_type=\"text-editor.default\">\n\t\t\t\t\t\t\t\t\t<p>Sinfonia Lahden itsen\u00e4isyysp\u00e4iv\u00e4konsertti oli nyt Suomen juhlavuonna koottu hyvist\u00e4 aineksista: oli kantaesitys, varjoon j\u00e4\u00e4nytt\u00e4 suomalaista avantgardea sek\u00e4 Sibeliusta. Dima Slobodeniouk oli rakentanut Tapio Tuomelan uuden sinfonian ja Sibeliuksen Lemmink\u00e4inen Tuonelassa -s\u00e4velrunon v\u00e4lille suorastaan dramaturgisen j\u00e4nnitteen, sill\u00e4 molemmat olivat tummahenkisi\u00e4, mielikuvia nostattavia orkesteritarinoita&#8230;<\/p>\t\t\t\t\t\t\t\t<\/div>\n\t\t\t\t<div class=\"elementor-element elementor-element-daef726 elementor-button-info elementor-align-center elementor-widget elementor-widget-button\" data-id=\"daef726\" data-element_type=\"widget\" data-e-type=\"widget\" data-widget_type=\"button.default\">\n\t\t\t\t\t\t\t\t\t\t<a class=\"elementor-button elementor-button-link elementor-size-sm\" href=\"https:\/\/tapiotuomela.fi\/en\/suomi-100-vuotta-etela-suomen-sanomat-8-12-2017\/\">\n\t\t\t\t\t\t<span class=\"elementor-button-content-wrapper\">\n\t\t\t\t\t\t\t\t\t<span class=\"elementor-button-text\">Read more<\/span>\n\t\t\t\t\t<\/span>\n\t\t\t\t\t<\/a>\n\t\t\t\t\t\t\t\t<\/div>\n\t\t\t\t\t<\/div>\n\t\t\t\t<\/div>\n\t\t<div class=\"elementor-element elementor-element-21f83db e-flex e-con-boxed e-con e-parent\" data-id=\"21f83db\" data-element_type=\"container\" data-e-type=\"container\">\n\t\t\t\t\t<div class=\"e-con-inner\">\n\t\t\t\t<div class=\"elementor-element elementor-element-31b1e2a elementor-widget-divider--view-line elementor-widget elementor-widget-divider\" data-id=\"31b1e2a\" data-element_type=\"widget\" data-e-type=\"widget\" data-widget_type=\"divider.default\">\n\t\t\t\t\t\t\t<div class=\"elementor-divider\">\n\t\t\t<span class=\"elementor-divider-separator\">\n\t\t\t\t\t\t<\/span>\n\t\t<\/div>\n\t\t\t\t\t\t<\/div>\n\t\t\t\t\t<\/div>\n\t\t\t\t<\/div>\n\t\t<div class=\"elementor-element elementor-element-ab2aa68 e-flex e-con-boxed e-con e-parent\" data-id=\"ab2aa68\" data-element_type=\"container\" data-e-type=\"container\">\n\t\t\t\t\t<div class=\"e-con-inner\">\n\t\t\t\t<div class=\"elementor-element elementor-element-d3e1ec8 elementor-widget elementor-widget-heading\" data-id=\"d3e1ec8\" data-element_type=\"widget\" data-e-type=\"widget\" data-widget_type=\"heading.default\">\n\t\t\t\t\t<h2 class=\"elementor-heading-title elementor-size-default\">Nelj\u00e4ntienristeys-ooppera on psykologinen trilleri, Helsingin Sanomat, 15.1.2017<\/h2>\t\t\t\t<\/div>\n\t\t\t\t\t<\/div>\n\t\t\t\t<\/div>\n\t\t<div class=\"elementor-element elementor-element-dccf19e e-flex e-con-boxed e-con e-parent\" data-id=\"dccf19e\" data-element_type=\"container\" data-e-type=\"container\">\n\t\t\t\t\t<div class=\"e-con-inner\">\n\t\t\t\t<div class=\"elementor-element elementor-element-ed54321 elementor-widget elementor-widget-text-editor\" data-id=\"ed54321\" data-element_type=\"widget\" data-e-type=\"widget\" data-widget_type=\"text-editor.default\">\n\t\t\t\t\t\t\t\t\t<p>Tapio Tuomelan Nelj\u00e4ntienristeys Oulun kaupunginteatterissa 13.1.2017 Libretto Sami Parkkinen, kapellimestari Erkki Lasonpalo, ohjaus Heta Haanper\u00e4, lavastus Kalle Nurminen, puvustus Pasi R\u00e4bin\u00e4, valosuunnittelu Jukka Kyll\u00f6nen.<\/p><p>On suorastaan yll\u00e4tt\u00e4v\u00e4\u00e4, miten onnistuneesti Tommi Kinnusen Nelj\u00e4ntienristeys on kokenut muodonmuutoksen oopperaksi. S\u00e4velt\u00e4j\u00e4 Tapio Tuomelan ja libretisti Sami Parkkisen yhteisty\u00f6n tulos on kirkas tiivistelm\u00e4 toimeliaan kuusamolaissuvun ihmisist\u00e4, heid\u00e4n haaveistaan ja pettymyksist\u00e4\u00e4n&#8230;<\/p>\t\t\t\t\t\t\t\t<\/div>\n\t\t\t\t<div class=\"elementor-element elementor-element-538a44c elementor-button-info elementor-align-center elementor-widget elementor-widget-button\" data-id=\"538a44c\" data-element_type=\"widget\" data-e-type=\"widget\" data-widget_type=\"button.default\">\n\t\t\t\t\t\t\t\t\t\t<a class=\"elementor-button elementor-button-link elementor-size-sm\" href=\"https:\/\/tapiotuomela.fi\/en\/neljantienristeys-ooppera-on-psykologinen-trilleri-helsingin-sanomat-15-1-2017\/\">\n\t\t\t\t\t\t<span class=\"elementor-button-content-wrapper\">\n\t\t\t\t\t\t\t\t\t<span class=\"elementor-button-text\">Read more<\/span>\n\t\t\t\t\t<\/span>\n\t\t\t\t\t<\/a>\n\t\t\t\t\t\t\t\t<\/div>\n\t\t\t\t\t<\/div>\n\t\t\t\t<\/div>\n\t\t<div class=\"elementor-element elementor-element-23793c7 e-flex e-con-boxed e-con e-parent\" data-id=\"23793c7\" data-element_type=\"container\" data-e-type=\"container\">\n\t\t\t\t\t<div class=\"e-con-inner\">\n\t\t\t\t<div class=\"elementor-element elementor-element-3b1992e elementor-widget-divider--view-line elementor-widget elementor-widget-divider\" data-id=\"3b1992e\" data-element_type=\"widget\" data-e-type=\"widget\" data-widget_type=\"divider.default\">\n\t\t\t\t\t\t\t<div class=\"elementor-divider\">\n\t\t\t<span class=\"elementor-divider-separator\">\n\t\t\t\t\t\t<\/span>\n\t\t<\/div>\n\t\t\t\t\t\t<\/div>\n\t\t\t\t\t<\/div>\n\t\t\t\t<\/div>\n\t\t<div class=\"elementor-element elementor-element-3f76493 e-flex e-con-boxed e-con e-parent\" data-id=\"3f76493\" data-element_type=\"container\" data-e-type=\"container\">\n\t\t\t\t\t<div class=\"e-con-inner\">\n\t\t\t\t<div class=\"elementor-element elementor-element-fbe5cef elementor-widget elementor-widget-heading\" data-id=\"fbe5cef\" data-element_type=\"widget\" data-e-type=\"widget\" data-widget_type=\"heading.default\">\n\t\t\t\t\t<h2 class=\"elementor-heading-title elementor-size-default\">Kipeiden teemojen ristivedossa, Rondo, 2\/2017<\/h2>\t\t\t\t<\/div>\n\t\t\t\t\t<\/div>\n\t\t\t\t<\/div>\n\t\t<div class=\"elementor-element elementor-element-a12f6b8 e-flex e-con-boxed e-con e-parent\" data-id=\"a12f6b8\" data-element_type=\"container\" data-e-type=\"container\">\n\t\t\t\t\t<div class=\"e-con-inner\">\n\t\t\t\t<div class=\"elementor-element elementor-element-00e6ba7 elementor-widget elementor-widget-text-editor\" data-id=\"00e6ba7\" data-element_type=\"widget\" data-e-type=\"widget\" data-widget_type=\"text-editor.default\">\n\t\t\t\t\t\t\t\t\t<p>Tommi Kinnusen palkittu esikoisromaani Nelj\u00e4ntienristeys sopii mainiosti juhlistamaan 100-vuotiasta Suomea, sill\u00e4 yhden kuusamolaissuvun vaiheita l\u00e4pi 1900-luvun seuraava tarina kattaa varsin perusteellisesti my\u00f6s itsen\u00e4isyyden ajan t\u00e4rkeimm\u00e4t k\u00e4\u00e4nteet. Alkuper\u00e4isteoksesta Sami Parkkinen on tehnyt libreton, jossa varsinkin toisen n\u00e4yt\u00f6ksen aikana vahvimmaksi teemaksi nousee homoseksuaalisuus ja sen k\u00e4tkeminen pieness\u00e4 maaseutuyhteis\u00f6ss\u00e4\u2026<\/p>\t\t\t\t\t\t\t\t<\/div>\n\t\t\t\t<div class=\"elementor-element elementor-element-052f554 elementor-button-info elementor-align-center elementor-widget elementor-widget-button\" data-id=\"052f554\" data-element_type=\"widget\" data-e-type=\"widget\" data-widget_type=\"button.default\">\n\t\t\t\t\t\t\t\t\t\t<a class=\"elementor-button elementor-button-link elementor-size-sm\" href=\"https:\/\/tapiotuomela.fi\/en\/kipeiden-teemojen-ristivedossa-rondo-2-2017\/\">\n\t\t\t\t\t\t<span class=\"elementor-button-content-wrapper\">\n\t\t\t\t\t\t\t\t\t<span class=\"elementor-button-text\">Read more<\/span>\n\t\t\t\t\t<\/span>\n\t\t\t\t\t<\/a>\n\t\t\t\t\t\t\t\t<\/div>\n\t\t\t\t\t<\/div>\n\t\t\t\t<\/div>\n\t\t<div class=\"elementor-element elementor-element-8fa6895 e-flex e-con-boxed e-con e-parent\" data-id=\"8fa6895\" data-element_type=\"container\" data-e-type=\"container\">\n\t\t\t\t\t<div class=\"e-con-inner\">\n\t\t\t\t<div class=\"elementor-element elementor-element-2c0ed4e elementor-widget-divider--view-line elementor-widget elementor-widget-divider\" data-id=\"2c0ed4e\" data-element_type=\"widget\" data-e-type=\"widget\" data-widget_type=\"divider.default\">\n\t\t\t\t\t\t\t<div class=\"elementor-divider\">\n\t\t\t<span class=\"elementor-divider-separator\">\n\t\t\t\t\t\t<\/span>\n\t\t<\/div>\n\t\t\t\t\t\t<\/div>\n\t\t\t\t\t<\/div>\n\t\t\t\t<\/div>\n\t\t<div class=\"elementor-element elementor-element-f7f745f e-flex e-con-boxed e-con e-parent\" data-id=\"f7f745f\" data-element_type=\"container\" data-e-type=\"container\">\n\t\t\t\t\t<div class=\"e-con-inner\">\n\t\t\t\t<div class=\"elementor-element elementor-element-666dc09 elementor-widget elementor-widget-heading\" data-id=\"666dc09\" data-element_type=\"widget\" data-e-type=\"widget\" data-widget_type=\"heading.default\">\n\t\t\t\t\t<h2 class=\"elementor-heading-title elementor-size-default\">Tapio Tuomela: \u201dMusiikkini on kyllin kaunista ilman kolmisointujakin\u201d<\/h2>\t\t\t\t<\/div>\n\t\t\t\t\t<\/div>\n\t\t\t\t<\/div>\n\t\t<div class=\"elementor-element elementor-element-3379480 e-flex e-con-boxed e-con e-parent\" data-id=\"3379480\" data-element_type=\"container\" data-e-type=\"container\">\n\t\t\t\t\t<div class=\"e-con-inner\">\n\t\t\t\t<div class=\"elementor-element elementor-element-505b132 elementor-widget elementor-widget-text-editor\" data-id=\"505b132\" data-element_type=\"widget\" data-e-type=\"widget\" data-widget_type=\"text-editor.default\">\n\t\t\t\t\t\t\t\t\t<p>Modernisti, jonka teoksia soittajan on palkitsevaa soittaa ja jonka musiikki avautuu kenties muillekin kuin nykymusiikkiin vihkiytyneille? Totta se on, sellainen on s\u00e4velt\u00e4j\u00e4 Tapio Tuomela (s. 1958).<\/p><p>Tuomelan musiikin vastaanottoa helpottavat h\u00e4nen s\u00e4vellystens\u00e4 voimakkaat emootiot, v\u00e4rik\u00e4s orkestraatio ja rytmi. Soittajatkin h\u00e4n on ottanut huomioon.<\/p><p>\u201dOlen oppinut arvostamaan sellaista musiikkia, jota ei ole nuotinnettu tarpeettoman hankalasti. Siit\u00e4 huolimatta se voi olla haasteellista ja hyvinkin virtuoosista \u2013 pid\u00e4n esimerkiksi nopeista tempoista. Soittajan hyv\u00e4 motivaatio v\u00e4littyy kuulijalle\u201d , Tuomela sanoo&#8230;<\/p>\t\t\t\t\t\t\t\t<\/div>\n\t\t\t\t<div class=\"elementor-element elementor-element-d202536 elementor-button-info elementor-align-center elementor-widget elementor-widget-button\" data-id=\"d202536\" data-element_type=\"widget\" data-e-type=\"widget\" data-widget_type=\"button.default\">\n\t\t\t\t\t\t\t\t\t\t<a class=\"elementor-button elementor-button-link elementor-size-sm\" href=\"https:\/\/tapiotuomela.fi\/en\/tapio-tuomela-musiikkini-on-kyllin-kaunista-ilman-kolmisointujakin\/\">\n\t\t\t\t\t\t<span class=\"elementor-button-content-wrapper\">\n\t\t\t\t\t\t\t\t\t<span class=\"elementor-button-text\">Read more<\/span>\n\t\t\t\t\t<\/span>\n\t\t\t\t\t<\/a>\n\t\t\t\t\t\t\t\t<\/div>\n\t\t\t\t\t<\/div>\n\t\t\t\t<\/div>\n\t\t\t\t<\/div>","protected":false},"excerpt":{"rendered":"<p>Joroisten Musiikkip\u00e4iv\u00e4t on l\u00f6yt\u00e4nyt ainutlaatuisuutensa uudestaan, Savon Sanomat, 23.7.2025 Sopraano Iida Antolan teht\u00e4v\u00e4 laulaa t\u00e4ysi ja melko haastava konserttiohjelma varsin kuumissa olosuhteissa Kosknhovin kartanon salissa maanantai-iltana ei ollut lainkaan helppo&#8230; Lue lis\u00e4\u00e4 Karvalakkiooppera, lehtikritiikki Rondo, 12.9.2022 Arvio: Karvalakkiooppera, Kansallisoopperan Alminsali 10.9.2022. Musiikki Tapio Tuomela, libretto Sami Parkkinen (Olli Tiuraniemen kokoaman materiaalin pohjalta), ohjaus Erik S\u00f6derblom&#8230;.<\/p>","protected":false},"author":1,"featured_media":0,"parent":0,"menu_order":0,"comment_status":"closed","ping_status":"closed","template":"","meta":{"footnotes":""},"class_list":["post-18","page","type-page","status-publish","hentry"],"_links":{"self":[{"href":"https:\/\/tapiotuomela.fi\/en\/wp-json\/wp\/v2\/pages\/18","targetHints":{"allow":["GET"]}}],"collection":[{"href":"https:\/\/tapiotuomela.fi\/en\/wp-json\/wp\/v2\/pages"}],"about":[{"href":"https:\/\/tapiotuomela.fi\/en\/wp-json\/wp\/v2\/types\/page"}],"author":[{"embeddable":true,"href":"https:\/\/tapiotuomela.fi\/en\/wp-json\/wp\/v2\/users\/1"}],"replies":[{"embeddable":true,"href":"https:\/\/tapiotuomela.fi\/en\/wp-json\/wp\/v2\/comments?post=18"}],"version-history":[{"count":46,"href":"https:\/\/tapiotuomela.fi\/en\/wp-json\/wp\/v2\/pages\/18\/revisions"}],"predecessor-version":[{"id":407,"href":"https:\/\/tapiotuomela.fi\/en\/wp-json\/wp\/v2\/pages\/18\/revisions\/407"}],"wp:attachment":[{"href":"https:\/\/tapiotuomela.fi\/en\/wp-json\/wp\/v2\/media?parent=18"}],"curies":[{"name":"wp","href":"https:\/\/api.w.org\/{rel}","templated":true}]}}