{"id":212,"date":"2026-01-12T23:20:10","date_gmt":"2026-01-12T23:20:10","guid":{"rendered":"http:\/\/tapio-tuomela-v1.local\/?page_id=212"},"modified":"2026-04-27T11:16:32","modified_gmt":"2026-04-27T11:16:32","slug":"uusimmat-teokset","status":"publish","type":"page","link":"https:\/\/tapiotuomela.fi\/en\/uusimmat-teokset\/","title":{"rendered":"Newest works"},"content":{"rendered":"\t\t<div data-elementor-type=\"wp-page\" data-elementor-id=\"212\" class=\"elementor elementor-212\">\n\t\t\t\t<div class=\"elementor-element elementor-element-80c37e8 e-con-full e-flex e-con e-parent\" data-id=\"80c37e8\" data-element_type=\"container\" data-e-type=\"container\">\n\t\t\t\t<div class=\"elementor-element elementor-element-c7d7dd3 elementor-widget elementor-widget-heading\" data-id=\"c7d7dd3\" data-element_type=\"widget\" data-e-type=\"widget\" data-widget_type=\"heading.default\">\n\t\t\t\t\t<h2 class=\"elementor-heading-title elementor-size-default\">Uusimmat teokset<\/h2>\t\t\t\t<\/div>\n\t\t\t\t<\/div>\n\t\t<div class=\"elementor-element elementor-element-43bb5fe e-flex e-con-boxed e-con e-parent\" data-id=\"43bb5fe\" data-element_type=\"container\" data-e-type=\"container\">\n\t\t\t\t\t<div class=\"e-con-inner\">\n\t\t<div class=\"elementor-element elementor-element-4936286 e-con-full e-flex e-con e-child\" data-id=\"4936286\" data-element_type=\"container\" data-e-type=\"container\">\n\t\t<div class=\"elementor-element elementor-element-f524cf0 e-con-full e-flex e-con e-child\" data-id=\"f524cf0\" data-element_type=\"container\" data-e-type=\"container\">\n\t\t<div class=\"elementor-element elementor-element-19a2e34 e-con-full e-flex e-con e-child\" data-id=\"19a2e34\" data-element_type=\"container\" data-e-type=\"container\">\n\t\t<div class=\"elementor-element elementor-element-7c02172 e-con-full e-flex e-con e-child\" data-id=\"7c02172\" data-element_type=\"container\" data-e-type=\"container\">\n\t\t<div class=\"elementor-element elementor-element-7e127a3 e-con-full e-flex e-con e-child\" data-id=\"7e127a3\" data-element_type=\"container\" data-e-type=\"container\">\n\t\t\t\t<div class=\"elementor-element elementor-element-402c928 elementor-widget elementor-widget-heading\" data-id=\"402c928\" data-element_type=\"widget\" data-e-type=\"widget\" data-widget_type=\"heading.default\">\n\t\t\t\t\t<h2 class=\"elementor-heading-title elementor-size-default\">Pace (\"Rauha\") (2025)<\/h2>\t\t\t\t<\/div>\n\t\t\t\t<\/div>\n\t\t<div class=\"elementor-element elementor-element-4e2488e e-con-full e-flex e-con e-child\" data-id=\"4e2488e\" data-element_type=\"container\" data-e-type=\"container\">\n\t\t\t\t<div class=\"elementor-element elementor-element-ac42114 elementor-widget elementor-widget-text-editor\" data-id=\"ac42114\" data-element_type=\"widget\" data-e-type=\"widget\" data-widget_type=\"text-editor.default\">\n\t\t\t\t\t\t\t\t\t<p><span style=\"font-size: 17.8818px;\">Kokoonpano: SATB<\/span><\/p><p>Kesto: 8 minuuttia<\/p><p>Kantaesitys: Kamarikuoro Kaamos, johtaja Visa Yrj\u00f6l\u00e4, 2025<\/p>\t\t\t\t\t\t\t\t<\/div>\n\t\t\t\t<\/div>\n\t\t\t\t<div class=\"elementor-element elementor-element-12122df elementor-widget elementor-widget-avp-audio\" data-id=\"12122df\" data-element_type=\"widget\" data-e-type=\"widget\" data-widget_type=\"avp-audio.default\">\n\t\t\t\t<div class=\"elementor-widget-container\">\n\t\t\t\t\t<div id=\"ms_avp\" style=\"max-width:99%;box-sizing:border-box;margin-left:auto;margin-right:auto;margin-top:2px;width:100%;\"><audio id=\"codepeople_media_player1778611891244579\" width=\"100%\" class=\"codepeople-media device-player-skin\" preload=\"none\" style=\"max-width:99%;box-sizing:border-box;margin-left:auto;margin-right:auto;margin-top:2px;width:100%;\"><source src=\"\/\/tapiotuomela.fi\/wp-content\/uploads\/2026\/02\/Pace-Tuomela.mp3\" type=\"audio\/mp3\" \/><\/audio><ul id=\"codepeople_media_player1778611891244579-list\" class=\"\" style=\"display:none;\"><li value=\"{&quot;source&quot;:[{&quot;src&quot;:&quot;\\\/\\\/tapiotuomela.fi\\\/wp-content\\\/uploads\\\/2026\\\/02\\\/Pace-Tuomela.mp3&quot;,&quot;type&quot;:&quot;audio\\\/mp3&quot;}],&quot;track&quot;:[]}\"><span class=\"cpmp-annotation\">Pace-Tuomela<\/span><\/li><\/ul><noscript>audio-and-video-player require JavaScript<\/noscript><div style=\"clear:both;\"><\/div><\/div>\t\t\t\t<\/div>\n\t\t\t\t<\/div>\n\t\t\t\t<\/div>\n\t\t<div class=\"elementor-element elementor-element-1cc6064 e-con-full e-flex e-con e-child\" data-id=\"1cc6064\" data-element_type=\"container\" data-e-type=\"container\">\n\t\t\t\t<div class=\"elementor-element elementor-element-a207da4 elementor-widget elementor-widget-image\" data-id=\"a207da4\" data-element_type=\"widget\" data-e-type=\"widget\" data-widget_type=\"image.default\">\n\t\t\t\t\t\t\t\t\t\t\t\t\t\t\t<img decoding=\"async\" src=\"https:\/\/tapiotuomela.fi\/wp-content\/plugins\/elementor\/assets\/images\/placeholder.png\" title=\"\" alt=\"\" loading=\"lazy\" \/>\t\t\t\t\t\t\t\t\t\t\t\t\t\t\t<\/div>\n\t\t\t\t<\/div>\n\t\t\t\t<\/div>\n\t\t\t\t<\/div>\n\t\t\t\t<\/div>\n\t\t\t\t\t<\/div>\n\t\t\t\t<\/div>\n\t\t<div class=\"elementor-element elementor-element-aca40e8 e-flex e-con-boxed e-con e-parent\" data-id=\"aca40e8\" data-element_type=\"container\" data-e-type=\"container\">\n\t\t\t\t\t<div class=\"e-con-inner\">\n\t\t<div class=\"elementor-element elementor-element-a2190de e-con-full e-flex e-con e-child\" data-id=\"a2190de\" data-element_type=\"container\" data-e-type=\"container\">\n\t\t<div class=\"elementor-element elementor-element-b6001f7 e-con-full e-flex e-con e-child\" data-id=\"b6001f7\" data-element_type=\"container\" data-e-type=\"container\">\n\t\t<div class=\"elementor-element elementor-element-845f972 e-con-full e-flex e-con e-child\" data-id=\"845f972\" data-element_type=\"container\" data-e-type=\"container\">\n\t\t<div class=\"elementor-element elementor-element-744da08 e-con-full e-flex e-con e-child\" data-id=\"744da08\" data-element_type=\"container\" data-e-type=\"container\">\n\t\t<div class=\"elementor-element elementor-element-13972bc e-con-full e-flex e-con e-child\" data-id=\"13972bc\" data-element_type=\"container\" data-e-type=\"container\">\n\t\t\t\t<div class=\"elementor-element elementor-element-0e4a20d elementor-widget elementor-widget-heading\" data-id=\"0e4a20d\" data-element_type=\"widget\" data-e-type=\"widget\" data-widget_type=\"heading.default\">\n\t\t\t\t\t<h2 class=\"elementor-heading-title elementor-size-default\">Tr\u00eas Can\u00e7\u00f5es - sopraano ja piano (2025)<\/h2>\t\t\t\t<\/div>\n\t\t\t\t<\/div>\n\t\t<div class=\"elementor-element elementor-element-cc13c3a e-con-full e-flex e-con e-child\" data-id=\"cc13c3a\" data-element_type=\"container\" data-e-type=\"container\">\n\t\t\t\t<div class=\"elementor-element elementor-element-357bbfe elementor-widget elementor-widget-text-editor\" data-id=\"357bbfe\" data-element_type=\"widget\" data-e-type=\"widget\" data-widget_type=\"text-editor.default\">\n\t\t\t\t\t\t\t\t\t<p>Teksti: Fernando Pessoa<\/p><p>Kokoonpano: Sopraano ja piano<\/p><p>Kesto: 15 minuuttia<\/p><p>Kantaesitys: Iida Antola (sopraano) ja Pauliina Tukiainen (piano), 2025<\/p><p>Versio sopraanolle ja kitaralle, laulut\u00a0<\/p><p>Ha quanto tempo ja Serenata:\u00a0<\/p><p>Kantaesitys: Iida Antola (sopraano) ja Janne Malinen (kitara), 2026<\/p><p>\u00a0<\/p>\t\t\t\t\t\t\t\t<\/div>\n\t\t\t\t<\/div>\n\t\t\t\t<\/div>\n\t\t<div class=\"elementor-element elementor-element-f51d6b8 e-con-full e-flex e-con e-child\" data-id=\"f51d6b8\" data-element_type=\"container\" data-e-type=\"container\">\n\t\t\t\t<div class=\"elementor-element elementor-element-e7456e2 elementor-widget elementor-widget-image\" data-id=\"e7456e2\" data-element_type=\"widget\" data-e-type=\"widget\" data-widget_type=\"image.default\">\n\t\t\t\t\t\t\t\t\t\t\t\t\t\t\t<img decoding=\"async\" src=\"https:\/\/tapiotuomela.fi\/wp-content\/plugins\/elementor\/assets\/images\/placeholder.png\" title=\"\" alt=\"\" loading=\"lazy\" \/>\t\t\t\t\t\t\t\t\t\t\t\t\t\t\t<\/div>\n\t\t\t\t<\/div>\n\t\t\t\t<\/div>\n\t\t\t\t<\/div>\n\t\t\t\t<\/div>\n\t\t\t\t\t<\/div>\n\t\t\t\t<\/div>\n\t\t<div class=\"elementor-element elementor-element-161dcd1 e-flex e-con-boxed e-con e-parent\" data-id=\"161dcd1\" data-element_type=\"container\" data-e-type=\"container\">\n\t\t\t\t\t<div class=\"e-con-inner\">\n\t\t<div class=\"elementor-element elementor-element-647a0e1 e-con-full e-flex e-con e-child\" data-id=\"647a0e1\" data-element_type=\"container\" data-e-type=\"container\">\n\t\t<div class=\"elementor-element elementor-element-52e5684 e-con-full e-flex e-con e-child\" data-id=\"52e5684\" data-element_type=\"container\" data-e-type=\"container\">\n\t\t<div class=\"elementor-element elementor-element-b65d090 e-con-full e-flex e-con e-child\" data-id=\"b65d090\" data-element_type=\"container\" data-e-type=\"container\">\n\t\t<div class=\"elementor-element elementor-element-f9b5583 e-con-full e-flex e-con e-child\" data-id=\"f9b5583\" data-element_type=\"container\" data-e-type=\"container\">\n\t\t<div class=\"elementor-element elementor-element-08911e8 e-con-full e-flex e-con e-child\" data-id=\"08911e8\" data-element_type=\"container\" data-e-type=\"container\">\n\t\t\t\t<div class=\"elementor-element elementor-element-2bdf77b elementor-widget elementor-widget-heading\" data-id=\"2bdf77b\" data-element_type=\"widget\" data-e-type=\"widget\" data-widget_type=\"heading.default\">\n\t\t\t\t\t<h2 class=\"elementor-heading-title elementor-size-default\">Chanson agit\u00e9e for flute and guitar (2025)<\/h2>\t\t\t\t<\/div>\n\t\t\t\t<\/div>\n\t\t<div class=\"elementor-element elementor-element-3d83d23 e-con-full e-flex e-con e-child\" data-id=\"3d83d23\" data-element_type=\"container\" data-e-type=\"container\">\n\t\t\t\t<div class=\"elementor-element elementor-element-d75c5d8 elementor-widget elementor-widget-text-editor\" data-id=\"d75c5d8\" data-element_type=\"widget\" data-e-type=\"widget\" data-widget_type=\"text-editor.default\">\n\t\t\t\t\t\t\t\t\t<p>Kokoonpano: huilu ja kitara<\/p><p>Kesto: 9 minuuttia<\/p><p>Kantaesitys: Livia Scwheitzer (huilu) ja Patrik Kleemola (kitara), WeW Festivaali, Turku, 2025<\/p>\t\t\t\t\t\t\t\t<\/div>\n\t\t<div class=\"elementor-element elementor-element-363ad1b e-con-full e-flex e-con e-child\" data-id=\"363ad1b\" data-element_type=\"container\" data-e-type=\"container\">\n\t\t\t\t<div class=\"elementor-element elementor-element-83877a0 elementor-widget elementor-widget-avp-audio\" data-id=\"83877a0\" data-element_type=\"widget\" data-e-type=\"widget\" data-widget_type=\"avp-audio.default\">\n\t\t\t\t<div class=\"elementor-widget-container\">\n\t\t\t\t\t<div id=\"ms_avp\" style=\"max-width:99%;box-sizing:border-box;margin-left:auto;margin-right:auto;margin-top:2px;width:100%;\"><audio id=\"codepeople_media_player1778611891979870\" width=\"100%\" class=\"codepeople-media device-player-skin\" preload=\"none\" style=\"max-width:99%;box-sizing:border-box;margin-left:auto;margin-right:auto;margin-top:2px;width:100%;\"><source src=\"\/\/tapiotuomela.fi\/wp-content\/uploads\/2026\/04\/Tuomela.Chansonagitee-2.mp3\" type=\"audio\/mp3\" \/><\/audio><ul id=\"codepeople_media_player1778611891979870-list\" class=\"\" style=\"display:none;\"><li value=\"{&quot;source&quot;:[{&quot;src&quot;:&quot;\\\/\\\/tapiotuomela.fi\\\/wp-content\\\/uploads\\\/2026\\\/04\\\/Tuomela.Chansonagitee-2.mp3&quot;,&quot;type&quot;:&quot;audio\\\/mp3&quot;}],&quot;track&quot;:[]}\"><span class=\"cpmp-annotation\">Chansonagitee<\/span><\/li><\/ul><noscript>audio-and-video-player require JavaScript<\/noscript><div style=\"clear:both;\"><\/div><\/div>\t\t\t\t<\/div>\n\t\t\t\t<\/div>\n\t\t\t\t<\/div>\n\t\t\t\t<\/div>\n\t\t\t\t<\/div>\n\t\t<div class=\"elementor-element elementor-element-2f48bf7 e-con-full e-flex e-con e-child\" data-id=\"2f48bf7\" data-element_type=\"container\" data-e-type=\"container\">\n\t\t\t\t<div class=\"elementor-element elementor-element-249f9f8 elementor-widget elementor-widget-image\" data-id=\"249f9f8\" data-element_type=\"widget\" data-e-type=\"widget\" data-widget_type=\"image.default\">\n\t\t\t\t\t\t\t\t\t\t\t\t\t\t\t<img decoding=\"async\" src=\"https:\/\/tapiotuomela.fi\/wp-content\/plugins\/elementor\/assets\/images\/placeholder.png\" title=\"\" alt=\"\" loading=\"lazy\" \/>\t\t\t\t\t\t\t\t\t\t\t\t\t\t\t<\/div>\n\t\t\t\t<\/div>\n\t\t\t\t<\/div>\n\t\t\t\t<\/div>\n\t\t\t\t<\/div>\n\t\t\t\t\t<\/div>\n\t\t\t\t<\/div>\n\t\t<div class=\"elementor-element elementor-element-a4f7698 e-flex e-con-boxed e-con e-parent\" data-id=\"a4f7698\" data-element_type=\"container\" data-e-type=\"container\">\n\t\t\t\t\t<div class=\"e-con-inner\">\n\t\t<div class=\"elementor-element elementor-element-e2c7ce0 e-con-full e-flex e-con e-child\" data-id=\"e2c7ce0\" data-element_type=\"container\" data-e-type=\"container\">\n\t\t<div class=\"elementor-element elementor-element-bdd887f e-con-full e-flex e-con e-child\" data-id=\"bdd887f\" data-element_type=\"container\" data-e-type=\"container\">\n\t\t<div class=\"elementor-element elementor-element-7320905 e-con-full e-flex e-con e-child\" data-id=\"7320905\" data-element_type=\"container\" data-e-type=\"container\">\n\t\t<div class=\"elementor-element elementor-element-eb6ce44 e-con-full e-flex e-con e-child\" data-id=\"eb6ce44\" data-element_type=\"container\" data-e-type=\"container\">\n\t\t<div class=\"elementor-element elementor-element-6ab205e e-con-full e-flex e-con e-child\" data-id=\"6ab205e\" data-element_type=\"container\" data-e-type=\"container\">\n\t\t\t\t<div class=\"elementor-element elementor-element-a0379e4 elementor-widget elementor-widget-heading\" data-id=\"a0379e4\" data-element_type=\"widget\" data-e-type=\"widget\" data-widget_type=\"heading.default\">\n\t\t\t\t\t<h2 class=\"elementor-heading-title elementor-size-default\">Missa per Organo (2007\/2025)<\/h2>\t\t\t\t<\/div>\n\t\t\t\t<\/div>\n\t\t<div class=\"elementor-element elementor-element-aa0d7cc e-con-full e-flex e-con e-child\" data-id=\"aa0d7cc\" data-element_type=\"container\" data-e-type=\"container\">\n\t\t\t\t<div class=\"elementor-element elementor-element-3056987 elementor-widget elementor-widget-text-editor\" data-id=\"3056987\" data-element_type=\"widget\" data-e-type=\"widget\" data-widget_type=\"text-editor.default\">\n\t\t\t\t\t\t\t\t\t<p class=\"p1\">Erillisin\u00e4 esitett\u00e4v\u00e4t osat (Kyrie, Gloria, Credo)<\/p><p>Kokoonpano: urut<\/p><p>Kesto: 15 minuuttia<\/p><p>Kantaesitys:<\/p><p>Kyrie: <span class=\"TextRun SCXW52449363 BCX0\" data-contrast=\"none\"><span class=\"NormalTextRun SCXW52449363 BCX0\">Aleksanteri Wallius<\/span><\/span><\/p><p><span class=\"TextRun SCXW52449363 BCX0\" data-contrast=\"none\"><span class=\"NormalTextRun SCXW52449363 BCX0\">Gloria: <\/span><span class=\"NormalTextRun SCXW52449363 BCX0\">Kaisa-Leena Harjumaa-Hannikainen<\/span><\/span><\/p><p><span class=\"TextRun SCXW52449363 BCX0\" data-contrast=\"none\"><span class=\"NormalTextRun SCXW52449363 BCX0\">Credo: Jan Lehtola<\/span><\/span><span class=\"EOP SCXW52449363 BCX0\" data-ccp-props=\"{&quot;335559685&quot;:720}\">\u00a0<\/span><\/p>\t\t\t\t\t\t\t\t<\/div>\n\t\t\t\t<\/div>\n\t\t\t\t<div class=\"elementor-element elementor-element-03d1b7b elementor-widget elementor-widget-avp-audio\" data-id=\"03d1b7b\" data-element_type=\"widget\" data-e-type=\"widget\" data-widget_type=\"avp-audio.default\">\n\t\t\t\t<div class=\"elementor-widget-container\">\n\t\t\t\t\t<div id=\"ms_avp\" style=\"max-width:99%;box-sizing:border-box;margin-left:auto;margin-right:auto;margin-top:2px;width:100%;\"><audio id=\"codepeople_media_player1778611891801417\" width=\"100%\" class=\"codepeople-media device-player-skin\" preload=\"none\" style=\"max-width:99%;box-sizing:border-box;margin-left:auto;margin-right:auto;margin-top:2px;width:100%;\"><source src=\"\/\/tapiotuomela.fi\/wp-content\/uploads\/2026\/02\/MissaperOrganoCredo.mp3\" type=\"audio\/mp3\" \/><\/audio><ul id=\"codepeople_media_player1778611891801417-list\" class=\"\" style=\"display:none;\"><li value=\"{&quot;source&quot;:[{&quot;src&quot;:&quot;\\\/\\\/tapiotuomela.fi\\\/wp-content\\\/uploads\\\/2026\\\/02\\\/MissaperOrganoCredo.mp3&quot;,&quot;type&quot;:&quot;audio\\\/mp3&quot;}],&quot;track&quot;:[]}\"><span class=\"cpmp-annotation\">Credo<\/span><\/li> <li value=\"{&quot;source&quot;:[{&quot;src&quot;:&quot;\\\/\\\/tapiotuomela.fi\\\/wp-content\\\/uploads\\\/2026\\\/02\\\/Missa_perOrganoGlor.mp3&quot;,&quot;type&quot;:&quot;audio\\\/mp3&quot;}],&quot;track&quot;:[]}\"><span class=\"cpmp-annotation\">Gloria<\/span><\/li><\/ul><noscript>audio-and-video-player require JavaScript<\/noscript><div style=\"clear:both;\"><\/div><\/div>\t\t\t\t<\/div>\n\t\t\t\t<\/div>\n\t\t\t\t<\/div>\n\t\t<div class=\"elementor-element elementor-element-b013e25 e-con-full e-flex e-con e-child\" data-id=\"b013e25\" data-element_type=\"container\" data-e-type=\"container\">\n\t\t\t\t<div class=\"elementor-element elementor-element-68edb9d elementor-widget elementor-widget-image\" data-id=\"68edb9d\" data-element_type=\"widget\" data-e-type=\"widget\" data-widget_type=\"image.default\">\n\t\t\t\t\t\t\t\t\t\t\t\t\t\t\t<img decoding=\"async\" src=\"https:\/\/tapiotuomela.fi\/wp-content\/plugins\/elementor\/assets\/images\/placeholder.png\" title=\"\" alt=\"\" loading=\"lazy\" \/>\t\t\t\t\t\t\t\t\t\t\t\t\t\t\t<\/div>\n\t\t\t\t<\/div>\n\t\t\t\t<\/div>\n\t\t\t\t<\/div>\n\t\t\t\t<\/div>\n\t\t\t\t\t<\/div>\n\t\t\t\t<\/div>\n\t\t<div class=\"elementor-element elementor-element-941904c e-flex e-con-boxed e-con e-parent\" data-id=\"941904c\" data-element_type=\"container\" data-e-type=\"container\">\n\t\t\t\t\t<div class=\"e-con-inner\">\n\t\t<div class=\"elementor-element elementor-element-6105c60 e-con-full e-flex e-con e-child\" data-id=\"6105c60\" data-element_type=\"container\" data-e-type=\"container\">\n\t\t<div class=\"elementor-element elementor-element-ee4e6e3 e-con-full e-flex e-con e-child\" data-id=\"ee4e6e3\" data-element_type=\"container\" data-e-type=\"container\">\n\t\t<div class=\"elementor-element elementor-element-e32834d e-con-full e-flex e-con e-child\" data-id=\"e32834d\" data-element_type=\"container\" data-e-type=\"container\">\n\t\t<div class=\"elementor-element elementor-element-4f5fce8 e-con-full e-flex e-con e-child\" data-id=\"4f5fce8\" data-element_type=\"container\" data-e-type=\"container\">\n\t\t<div class=\"elementor-element elementor-element-2701c11 e-con-full e-flex e-con e-child\" data-id=\"2701c11\" data-element_type=\"container\" data-e-type=\"container\">\n\t\t\t\t<div class=\"elementor-element elementor-element-ea8d110 elementor-widget elementor-widget-heading\" data-id=\"ea8d110\" data-element_type=\"widget\" data-e-type=\"widget\" data-widget_type=\"heading.default\">\n\t\t\t\t\t<h2 class=\"elementor-heading-title elementor-size-default\">Vivo, Spero (2024)<\/h2>\t\t\t\t<\/div>\n\t\t\t\t<\/div>\n\t\t<div class=\"elementor-element elementor-element-b586e8f e-con-full e-flex e-con e-child\" data-id=\"b586e8f\" data-element_type=\"container\" data-e-type=\"container\">\n\t\t\t\t<div class=\"elementor-element elementor-element-0eb828a elementor-widget elementor-widget-text-editor\" data-id=\"0eb828a\" data-element_type=\"widget\" data-e-type=\"widget\" data-widget_type=\"text-editor.default\">\n\t\t\t\t\t\t\t\t\t<p>Tilaaja: Radion sinfoniaorkesterin kamarimusiikkisarja<\/p><p>Kokoonpano: huilu, klarinetti, sello ja kontrabasso<\/p><p>Kesto: 10 minuuttia<\/p><p>Kantaesitys: <span class=\"TextRun SCXW49203758 BCX0\" data-contrast=\"none\"><span class=\"NormalTextRun SCXW49203758 BCX0\" data-ccp-charstyle=\"Emphasis\">Yuki Ikeda (huilu), Fatima Boix-Canto (klarinetti), Eeva Rys\u00e4 (sello), Aapo Juutilainen<\/span><\/span><span class=\"EOP SCXW49203758 BCX0\" data-ccp-props=\"{&quot;335559685&quot;:720}\"> (kontrabasso)<\/span><\/p>\t\t\t\t\t\t\t\t<\/div>\n\t\t\t\t<\/div>\n\t\t\t\t<\/div>\n\t\t<div class=\"elementor-element elementor-element-8f38aba e-con-full e-flex e-con e-child\" data-id=\"8f38aba\" data-element_type=\"container\" data-e-type=\"container\">\n\t\t\t\t<div class=\"elementor-element elementor-element-9d0cd08 elementor-widget elementor-widget-image\" data-id=\"9d0cd08\" data-element_type=\"widget\" data-e-type=\"widget\" data-widget_type=\"image.default\">\n\t\t\t\t\t\t\t\t\t\t\t\t\t\t\t<img decoding=\"async\" src=\"https:\/\/tapiotuomela.fi\/wp-content\/plugins\/elementor\/assets\/images\/placeholder.png\" title=\"\" alt=\"\" loading=\"lazy\" \/>\t\t\t\t\t\t\t\t\t\t\t\t\t\t\t<\/div>\n\t\t\t\t<\/div>\n\t\t\t\t<\/div>\n\t\t\t\t<\/div>\n\t\t\t\t<\/div>\n\t\t\t\t\t<\/div>\n\t\t\t\t<\/div>\n\t\t<div class=\"elementor-element elementor-element-cc055ad e-flex e-con-boxed e-con e-parent\" data-id=\"cc055ad\" data-element_type=\"container\" data-e-type=\"container\">\n\t\t\t\t\t<div class=\"e-con-inner\">\n\t\t<div class=\"elementor-element elementor-element-38aefb9 e-con-full e-flex e-con e-child\" data-id=\"38aefb9\" data-element_type=\"container\" data-e-type=\"container\">\n\t\t<div class=\"elementor-element elementor-element-020c03e e-con-full e-flex e-con e-child\" data-id=\"020c03e\" data-element_type=\"container\" data-e-type=\"container\">\n\t\t<div class=\"elementor-element elementor-element-c20879f e-con-full e-flex e-con e-child\" data-id=\"c20879f\" data-element_type=\"container\" data-e-type=\"container\">\n\t\t<div class=\"elementor-element elementor-element-8f591a9 e-con-full e-flex e-con e-child\" data-id=\"8f591a9\" data-element_type=\"container\" data-e-type=\"container\">\n\t\t<div class=\"elementor-element elementor-element-b6c503f e-con-full e-flex e-con e-child\" data-id=\"b6c503f\" data-element_type=\"container\" data-e-type=\"container\">\n\t\t\t\t<div class=\"elementor-element elementor-element-d61141d elementor-widget elementor-widget-heading\" data-id=\"d61141d\" data-element_type=\"widget\" data-e-type=\"widget\" data-widget_type=\"heading.default\">\n\t\t\t\t\t<h2 class=\"elementor-heading-title elementor-size-default\">Pas de deux (2024)<\/h2>\t\t\t\t<\/div>\n\t\t\t\t<\/div>\n\t\t<div class=\"elementor-element elementor-element-b11fffc e-con-full e-flex e-con e-child\" data-id=\"b11fffc\" data-element_type=\"container\" data-e-type=\"container\">\n\t\t\t\t<div class=\"elementor-element elementor-element-61c6712 elementor-widget elementor-widget-text-editor\" data-id=\"61c6712\" data-element_type=\"widget\" data-e-type=\"widget\" data-widget_type=\"text-editor.default\">\n\t\t\t\t\t\t\t\t\t<p>Kokoonpano: urut<\/p><p>Kesto: 10 minuuttia<\/p><p>Kantaesitys: Kari Vuola,\u00a0Helsingin urkukes\u00e4, Kallion kirkko, 2024<\/p>\t\t\t\t\t\t\t\t<\/div>\n\t\t\t\t<\/div>\n\t\t\t\t<\/div>\n\t\t<div class=\"elementor-element elementor-element-1678518 e-con-full e-flex e-con e-child\" data-id=\"1678518\" data-element_type=\"container\" data-e-type=\"container\">\n\t\t\t\t<div class=\"elementor-element elementor-element-08e02cf elementor-widget elementor-widget-image\" data-id=\"08e02cf\" data-element_type=\"widget\" data-e-type=\"widget\" data-widget_type=\"image.default\">\n\t\t\t\t\t\t\t\t\t\t\t\t\t\t\t<img decoding=\"async\" src=\"https:\/\/tapiotuomela.fi\/wp-content\/plugins\/elementor\/assets\/images\/placeholder.png\" title=\"\" alt=\"\" loading=\"lazy\" \/>\t\t\t\t\t\t\t\t\t\t\t\t\t\t\t<\/div>\n\t\t\t\t<\/div>\n\t\t\t\t<\/div>\n\t\t\t\t<\/div>\n\t\t\t\t<\/div>\n\t\t\t\t\t<\/div>\n\t\t\t\t<\/div>\n\t\t\t\t<\/div>\n\t\t","protected":false},"excerpt":{"rendered":"<p>Uusimmat teokset Pace (&#8221;Rauha&#8221;) (2025) Kokoonpano: SATB Kesto: 8 minuuttia Kantaesitys: Kamarikuoro Kaamos, johtaja Visa Yrj\u00f6l\u00e4, 2025 Tr\u00eas Can\u00e7\u00f5es &#8211; sopraano ja piano (2025) Teksti: Fernando Pessoa Kokoonpano: Sopraano ja piano Kesto: 15 minuuttia Kantaesitys: Iida Antola (sopraano) ja Pauliina Tukiainen (piano), 2025 Versio sopraanolle ja kitaralle, laulut\u00a0 Ha quanto tempo ja Serenata:\u00a0 Kantaesitys: Iida&#8230;<\/p>","protected":false},"author":1,"featured_media":0,"parent":0,"menu_order":0,"comment_status":"closed","ping_status":"closed","template":"full-width","meta":{"footnotes":""},"class_list":["post-212","page","type-page","status-publish","hentry"],"_links":{"self":[{"href":"https:\/\/tapiotuomela.fi\/en\/wp-json\/wp\/v2\/pages\/212","targetHints":{"allow":["GET"]}}],"collection":[{"href":"https:\/\/tapiotuomela.fi\/en\/wp-json\/wp\/v2\/pages"}],"about":[{"href":"https:\/\/tapiotuomela.fi\/en\/wp-json\/wp\/v2\/types\/page"}],"author":[{"embeddable":true,"href":"https:\/\/tapiotuomela.fi\/en\/wp-json\/wp\/v2\/users\/1"}],"replies":[{"embeddable":true,"href":"https:\/\/tapiotuomela.fi\/en\/wp-json\/wp\/v2\/comments?post=212"}],"version-history":[{"count":46,"href":"https:\/\/tapiotuomela.fi\/en\/wp-json\/wp\/v2\/pages\/212\/revisions"}],"predecessor-version":[{"id":1177,"href":"https:\/\/tapiotuomela.fi\/en\/wp-json\/wp\/v2\/pages\/212\/revisions\/1177"}],"wp:attachment":[{"href":"https:\/\/tapiotuomela.fi\/en\/wp-json\/wp\/v2\/media?parent=212"}],"curies":[{"name":"wp","href":"https:\/\/api.w.org\/{rel}","templated":true}]}}