{"id":237,"date":"2026-01-15T20:03:02","date_gmt":"2026-01-15T20:03:02","guid":{"rendered":"http:\/\/tapio-tuomela-v1.local\/?page_id=237"},"modified":"2026-01-15T20:03:02","modified_gmt":"2026-01-15T20:03:02","slug":"joroisten-musiikkipaivat-on-loytanyt-ainutlaatuisuutensa-uudestaan-savon-sanomat-23-7-2025","status":"publish","type":"page","link":"https:\/\/tapiotuomela.fi\/en\/joroisten-musiikkipaivat-on-loytanyt-ainutlaatuisuutensa-uudestaan-savon-sanomat-23-7-2025\/","title":{"rendered":"Joroisten Musiikkip\u00e4iv\u00e4t on l\u00f6yt\u00e4nyt ainutlaatuisuutensa uudestaan, Savon Sanomat, 23.7.2025"},"content":{"rendered":"<p>Sopraano Iida Antolan teht\u00e4v\u00e4 laulaa t\u00e4ysi ja melko haastava konserttiohjelma varsin kuumissa olosuhteissa Kosknhovin kartanon salissa maanantai-iltana ei ollut lainkaan helppo.<\/p>\n\n\n\n<p>Konsertin ohjelmassa oli my\u00f6s kantaesitys. Tapio Tuomela, inspiroituneena portugalilaisesta fadosta, oli s\u00e4velt\u00e4nyt duolle laulusarjan portugalilaisen Fernando Pessoan runoihin. Pessoa oli henkil\u00f6, joka piti el\u00e4m\u00e4n tarkoituksena unelmointia, ja Tuomela saavutti s\u00e4vellyksiss\u00e4\u00e4n erinomaisesti Pessoan haaveellisen, kysyv\u00e4n ja kyseenalaistavan maailman.<\/p>\n\n\n\n<p>Tuomelan s\u00e4vellystyyli n\u00e4iss\u00e4 lauluissa on vapaata, pienill\u00e4 eleill\u00e4 romanttisuuteen hienoisesti taipuvaista, hienoja rakenteellisia nousuja sis\u00e4lt\u00e4v\u00e4\u00e4, varsin toimivaa uutta musiikkia.<\/p>","protected":false},"excerpt":{"rendered":"<p>Sopraano Iida Antolan teht\u00e4v\u00e4 laulaa t\u00e4ysi ja melko haastava konserttiohjelma varsin kuumissa olosuhteissa Kosknhovin kartanon salissa maanantai-iltana ei ollut lainkaan helppo. Konsertin ohjelmassa oli my\u00f6s kantaesitys. Tapio Tuomela, inspiroituneena portugalilaisesta fadosta, oli s\u00e4velt\u00e4nyt duolle laulusarjan portugalilaisen Fernando Pessoan runoihin. Pessoa oli henkil\u00f6, joka piti el\u00e4m\u00e4n tarkoituksena unelmointia, ja Tuomela saavutti s\u00e4vellyksiss\u00e4\u00e4n erinomaisesti Pessoan haaveellisen, kysyv\u00e4n&#8230;<\/p>","protected":false},"author":1,"featured_media":0,"parent":0,"menu_order":0,"comment_status":"closed","ping_status":"closed","template":"","meta":{"footnotes":""},"class_list":["post-237","page","type-page","status-publish","hentry"],"_links":{"self":[{"href":"https:\/\/tapiotuomela.fi\/en\/wp-json\/wp\/v2\/pages\/237","targetHints":{"allow":["GET"]}}],"collection":[{"href":"https:\/\/tapiotuomela.fi\/en\/wp-json\/wp\/v2\/pages"}],"about":[{"href":"https:\/\/tapiotuomela.fi\/en\/wp-json\/wp\/v2\/types\/page"}],"author":[{"embeddable":true,"href":"https:\/\/tapiotuomela.fi\/en\/wp-json\/wp\/v2\/users\/1"}],"replies":[{"embeddable":true,"href":"https:\/\/tapiotuomela.fi\/en\/wp-json\/wp\/v2\/comments?post=237"}],"version-history":[{"count":1,"href":"https:\/\/tapiotuomela.fi\/en\/wp-json\/wp\/v2\/pages\/237\/revisions"}],"predecessor-version":[{"id":238,"href":"https:\/\/tapiotuomela.fi\/en\/wp-json\/wp\/v2\/pages\/237\/revisions\/238"}],"wp:attachment":[{"href":"https:\/\/tapiotuomela.fi\/en\/wp-json\/wp\/v2\/media?parent=237"}],"curies":[{"name":"wp","href":"https:\/\/api.w.org\/{rel}","templated":true}]}}