{"id":239,"date":"2026-01-15T20:03:48","date_gmt":"2026-01-15T20:03:48","guid":{"rendered":"http:\/\/tapio-tuomela-v1.local\/?page_id=239"},"modified":"2026-01-15T20:03:48","modified_gmt":"2026-01-15T20:03:48","slug":"orden-vager-tungt-for-tuomela-60-arskonsert-hufvudstadsbladet-18-10-2018","status":"publish","type":"page","link":"https:\/\/tapiotuomela.fi\/en\/orden-vager-tungt-for-tuomela-60-arskonsert-hufvudstadsbladet-18-10-2018\/","title":{"rendered":"Orden v\u00e4ger tungt f\u00f6r Tuomela (60-\u00e5rskonsert), Hufvudstadsbladet, 18.10.2018"},"content":{"rendered":"<p>Orden v\u00e4ger tungt f\u00f6r Tuomela<\/p>\n\n\n\n<p>Nutida Musik Tapio Tuomela 60 \u00e5r<\/p>\n\n\n\n<p>Enligt Tapio Tuomela leder olikheter mellan olika spr\u00e5k till olikheter i musiken. Skillnaderna mellan spr\u00e5ken blev uppenbara i s\u00e5ngerna som h\u00f6rdes under kompositionskonserten p\u00e5 Musikhuset.<\/p>\n\n\n\n<p>Tapio Tuomelas 60-\u00e5rskonsert i tisdags inneh\u00f6ll ett uts\u00f6kt urval av hans nyaste kompositioner. Three Folk Ballades f\u00f6r mezzosopran och str\u00e5kkvartett fick sitt uruppf\u00f6rande, och dessutom uppf\u00f6rdes bl\u00e5skvintetten Suite Fran\u00e7aise (2012) f\u00f6r f\u00f6rsta g\u00e5ngen i Finland samt str\u00e5kkvartetten Fiddler (2009) samt Friarjojk och scen (2017) f\u00f6r f\u00f6rsta g\u00e5ngen i Helsingfors. Uppenbart uppf\u00f6rs Tuomelas musik mer regelbundet utanf\u00f6r huvudstaden. Under \u00e5r 2017 hade operan Nelj\u00e4ntienristeys (efter Tommi Kinnunens roman) premi\u00e4r i Ule\u00e5borg och tredje symfonin uruppf\u00f6rdes i Lahtis. Man kan konstatera att Tuomela har en alldeles speciell relation till de texter han komponerar, i synnerhet i kompositioner som han kallar f\u00f6r s\u00e5ngpar<\/p>\n\n\n\n<p>(Laulupari). I dessa h\u00f6rs texten f\u00f6rst i original och sedan i \u00f6vers\u00e4ttning. De fyra s\u00e5ngparen var en del av Tuomelas konstn\u00e4rliga doktorexamen som han avlade 2014. Nu h\u00f6rdes nummer tre och fyra, Fissure (2011) till en text av Emily Dickinson (engelska-franska) samt tre s\u00e5nger till texter av Martta Rossi (2012, finska-tyska). Tuomelas id\u00e9 \u00e4r att spr\u00e5kens olikheter leder till olikheter i musiken, till exempel fraseringen och betoningar. Skillnaderna var tydligast i den stiliga och l\u00e4tt makabra Fissure, d\u00e4r de engelska verserna ackompanjerades av en liten ensemble (klarinett, violin, viola, piano) och de franska verserna av enbart piano, spelat av komposit\u00f6ren. Bytet av spr\u00e5k tycktes ocks\u00e5 p\u00e5verka s\u00e5ngarnas allm\u00e4nna uttryckss\u00e4tt. De unga solisterna, barytonen Henri Tikkanen i Fissure och sopranen Virva Puumala i Rossis\u00e5ngerna, tillsammans med pianisten Juho Lepist\u00f6, gjorde ett kraftigt intryck.<\/p>\n\n\n\n<p>Modernism och folkmusik Den finska texten, ur Suomen kansan vanhat runot och Kanteletar samt Tuomelas egen penna, hade huvudrollen i Three Folk Ballades (2015\/18). Efter tv\u00e5 besv\u00e4rjelser (Voiteen sanat och Lapsivaimon sanat) v\u00e4xte den tredje s\u00e5ngen (Anteruksen surna) till ett litet men desto meningsfullare musikdrama. Mezzosopranen Virpi R\u00e4is\u00e4nen excellerade och fick anv\u00e4nda sina dramatiska talanger. Vokaliserna satte en guldkant p\u00e5 den gripande och klangligt njutbara epilogen, som \u00e4r komponerad i \u00e5r. Ut\u00f6ver modernismen \u00e4r folkmusiken en viktig inspirationsk\u00e4lla f\u00f6r Tuomela. Spelmansandan \u00e4r den drivande kraften i Fiddler, som Zagroskvartetten tolkade med lyh\u00f6rdhet f\u00f6r de elegiska nyanserna. Den barockinspirerade Suite Fran\u00e7aise \u00e4r komponerad f\u00f6r en t\u00e4vling f\u00f6r bl\u00e5skvintetter och inneh\u00e5ller m\u00e5nga knepiga detaljer. Heta Aho, Saku Mattila, Taavi Oramo, Aron Moizer och Paula Ernesaks gjorde utm\u00e4rkt ifr\u00e5n sig. Konserten avslutades med Friarjojk och scen f\u00f6r sopran och str\u00e5kkvartett till Tuomelas egen text, en udda f\u00e5gel som enligt tons\u00e4ttaren befinner sig i konstmusikens marginal. Den f\u00f6rsta satsen \u00e4r inspirerad av en nordsamisk jojk och den andra satsen \u00e4r en dialog mellan tv\u00e5 fiskare uppe i norr, den ena finskspr\u00e5kig och den andra svenskspr\u00e5kig. Fiskets sp\u00e4nning byts till fasa n\u00e4r b\u00e5ten kapsejsar. Sopranen Piia Komsi kastade sig virtuost in i alla rollerna och bj\u00f6d p\u00e5 en of\u00f6rgl\u00f6mlig show.<\/p>\n\n\n\n<p>Anna Pulkkis, Hufvudstadsbladet 18.10.2018<\/p>","protected":false},"excerpt":{"rendered":"<p>Orden v\u00e4ger tungt f\u00f6r Tuomela Nutida Musik Tapio Tuomela 60 \u00e5r Enligt Tapio Tuomela leder olikheter mellan olika spr\u00e5k till olikheter i musiken. Skillnaderna mellan spr\u00e5ken blev uppenbara i s\u00e5ngerna som h\u00f6rdes under kompositionskonserten p\u00e5 Musikhuset. Tapio Tuomelas 60-\u00e5rskonsert i tisdags inneh\u00f6ll ett uts\u00f6kt urval av hans nyaste kompositioner. Three Folk Ballades f\u00f6r mezzosopran och&#8230;<\/p>","protected":false},"author":1,"featured_media":0,"parent":0,"menu_order":0,"comment_status":"closed","ping_status":"closed","template":"","meta":{"footnotes":""},"class_list":["post-239","page","type-page","status-publish","hentry"],"_links":{"self":[{"href":"https:\/\/tapiotuomela.fi\/en\/wp-json\/wp\/v2\/pages\/239","targetHints":{"allow":["GET"]}}],"collection":[{"href":"https:\/\/tapiotuomela.fi\/en\/wp-json\/wp\/v2\/pages"}],"about":[{"href":"https:\/\/tapiotuomela.fi\/en\/wp-json\/wp\/v2\/types\/page"}],"author":[{"embeddable":true,"href":"https:\/\/tapiotuomela.fi\/en\/wp-json\/wp\/v2\/users\/1"}],"replies":[{"embeddable":true,"href":"https:\/\/tapiotuomela.fi\/en\/wp-json\/wp\/v2\/comments?post=239"}],"version-history":[{"count":1,"href":"https:\/\/tapiotuomela.fi\/en\/wp-json\/wp\/v2\/pages\/239\/revisions"}],"predecessor-version":[{"id":240,"href":"https:\/\/tapiotuomela.fi\/en\/wp-json\/wp\/v2\/pages\/239\/revisions\/240"}],"wp:attachment":[{"href":"https:\/\/tapiotuomela.fi\/en\/wp-json\/wp\/v2\/media?parent=239"}],"curies":[{"name":"wp","href":"https:\/\/api.w.org\/{rel}","templated":true}]}}