{"id":241,"date":"2026-01-15T20:04:30","date_gmt":"2026-01-15T20:04:30","guid":{"rendered":"http:\/\/tapio-tuomela-v1.local\/?page_id=241"},"modified":"2026-01-15T20:04:30","modified_gmt":"2026-01-15T20:04:30","slug":"suomi-100-vuotta-etela-suomen-sanomat-8-12-2017","status":"publish","type":"page","link":"https:\/\/tapiotuomela.fi\/en\/suomi-100-vuotta-etela-suomen-sanomat-8-12-2017\/","title":{"rendered":"Suomi 100 vuotta, Etel\u00e4-Suomen Sanomat 8.12.2017"},"content":{"rendered":"<p>Sinfonia Lahden itsen\u00e4isyysp\u00e4iv\u00e4konsertti oli nyt Suomen juhlavuonna koottu hyvist\u00e4 aineksista: oli kantaesitys, varjoon j\u00e4\u00e4nytt\u00e4 suomalaista avantgardea sek\u00e4 Sibeliusta. Dima Slobodeniouk oli rakentanut Tapio Tuomelan uuden sinfonian ja Sibeliuksen Lemmink\u00e4inen Tuonelassa -s\u00e4velrunon v\u00e4lille suorastaan dramaturgisen j\u00e4nnitteen, sill\u00e4 molemmat olivat tummahenkisi\u00e4, mielikuvia nostattavia orkesteritarinoita. Tuomelan kolmannen sinfonian, lis\u00e4nimelt\u00e4\u00e4n \u201dCrossroads\u201d (Tienristeys), yksi taustavaikuttaja on s\u00e4velt\u00e4j\u00e4n \u00e4idin kuolema, ja monien surus\u00e4vyjen j\u00e4lkeen lopun kohoamisessa oli toiveikasta voitokkuutta. Tuomelan Sinfonia 3 oli vahvatunnelmainen teos, joka tosin olisi toiminut paremmin konsertin keskell\u00e4 kuin avausteoksena. Sen taustalla on toisaalta edesmenneen \u00e4idin muistisairaus, toisaalta Tuomelan alkuvuodesta kantaesitetty ooppera Nelj\u00e4ntienristeys, joka kaikuu my\u00f6s teoksen lis\u00e4nimess\u00e4. S\u00e4velt\u00e4j\u00e4 on kertonut halunneensa sulattaa yhteen erilaisia aineksia muistisairaan mielenmaailmaa heijastaen sek\u00e4 hy\u00f6dynt\u00e4en oopperansa musiikkia. Kokonaisuus on kuitenkin kaukana fragmentaarisuudesta. Teos eteni musiikkifantasian kaltaisena aaltoillen sulavasti assosiaatiosta toiseen. J\u00e4ntev\u00e4n yhten\u00e4isen\u00e4 sen piti Tuomelan orkesterikirjoittamiselle ominainen virtaava liike sek\u00e4 unenomaisuus, joka sulatti yhteen houreisuuden, pulseeraavan rytmikkyyden ja my\u00f6h\u00e4isromanttiset melodiakiehkurat. Slobodeniouk otti sinfonian sointitehoista kaiken irti.<\/p>\n\n\n\n<p>Auli S\u00e4rki\u00f6, Etel\u00e4-Suomen Sanomat 8.12.2017<\/p>","protected":false},"excerpt":{"rendered":"<p>Sinfonia Lahden itsen\u00e4isyysp\u00e4iv\u00e4konsertti oli nyt Suomen juhlavuonna koottu hyvist\u00e4 aineksista: oli kantaesitys, varjoon j\u00e4\u00e4nytt\u00e4 suomalaista avantgardea sek\u00e4 Sibeliusta. Dima Slobodeniouk oli rakentanut Tapio Tuomelan uuden sinfonian ja Sibeliuksen Lemmink\u00e4inen Tuonelassa -s\u00e4velrunon v\u00e4lille suorastaan dramaturgisen j\u00e4nnitteen, sill\u00e4 molemmat olivat tummahenkisi\u00e4, mielikuvia nostattavia orkesteritarinoita. Tuomelan kolmannen sinfonian, lis\u00e4nimelt\u00e4\u00e4n \u201dCrossroads\u201d (Tienristeys), yksi taustavaikuttaja on s\u00e4velt\u00e4j\u00e4n \u00e4idin kuolema, ja&#8230;<\/p>","protected":false},"author":1,"featured_media":0,"parent":0,"menu_order":0,"comment_status":"closed","ping_status":"closed","template":"","meta":{"footnotes":""},"class_list":["post-241","page","type-page","status-publish","hentry"],"_links":{"self":[{"href":"https:\/\/tapiotuomela.fi\/en\/wp-json\/wp\/v2\/pages\/241","targetHints":{"allow":["GET"]}}],"collection":[{"href":"https:\/\/tapiotuomela.fi\/en\/wp-json\/wp\/v2\/pages"}],"about":[{"href":"https:\/\/tapiotuomela.fi\/en\/wp-json\/wp\/v2\/types\/page"}],"author":[{"embeddable":true,"href":"https:\/\/tapiotuomela.fi\/en\/wp-json\/wp\/v2\/users\/1"}],"replies":[{"embeddable":true,"href":"https:\/\/tapiotuomela.fi\/en\/wp-json\/wp\/v2\/comments?post=241"}],"version-history":[{"count":1,"href":"https:\/\/tapiotuomela.fi\/en\/wp-json\/wp\/v2\/pages\/241\/revisions"}],"predecessor-version":[{"id":242,"href":"https:\/\/tapiotuomela.fi\/en\/wp-json\/wp\/v2\/pages\/241\/revisions\/242"}],"wp:attachment":[{"href":"https:\/\/tapiotuomela.fi\/en\/wp-json\/wp\/v2\/media?parent=241"}],"curies":[{"name":"wp","href":"https:\/\/api.w.org\/{rel}","templated":true}]}}