{"id":245,"date":"2026-01-15T20:05:56","date_gmt":"2026-01-15T20:05:56","guid":{"rendered":"http:\/\/tapio-tuomela-v1.local\/?page_id=245"},"modified":"2026-01-15T20:05:56","modified_gmt":"2026-01-15T20:05:56","slug":"kipeiden-teemojen-ristivedossa-rondo-2-2017","status":"publish","type":"page","link":"https:\/\/tapiotuomela.fi\/en\/kipeiden-teemojen-ristivedossa-rondo-2-2017\/","title":{"rendered":"Kipeiden teemojen ristivedossa, Rondo, 2\/2017"},"content":{"rendered":"<p>Tommi Kinnusen palkittu esikoisromaani Nelj\u00e4ntienristeys sopii mainiosti juhlistamaan 100-vuotiasta Suomea, sill\u00e4 yhden kuusamolaissuvun vaiheita l\u00e4pi 1900-luvun seuraava tarina kattaa varsin perusteellisesti my\u00f6s itsen\u00e4isyyden ajan t\u00e4rkeimm\u00e4t k\u00e4\u00e4nteet. Alkuper\u00e4isteoksesta Sami Parkkinen on tehnyt libreton, jossa varsinkin toisen n\u00e4yt\u00f6ksen aikana vahvimmaksi teemaksi nousee homoseksuaalisuus ja sen k\u00e4tkeminen pieness\u00e4 maaseutuyhteis\u00f6ss\u00e4\u2026 Teoksen juonta on erityisesti ensimm\u00e4isess\u00e4 n\u00e4yt\u00f6ksess\u00e4 jossain m\u00e4\u00e4rin vaikea seurata.<\/p>\n\n\n\n<p>Tapio Tuomelan s\u00e4vellys l\u00e4hestyy aihetta oopperan lajityypin rajoja kolkutellen. N\u00e4ytt\u00e4m\u00f6ll\u00e4 kuullaaan todella paljon puhuttuja repliikkej\u00e4, ja orkesterin teht\u00e4v\u00e4n\u00e4 on usein v\u00e4ritt\u00e4\u00e4 ja kommentoida lavan tapahtumia n\u00e4ytt\u00e4m\u00f6musiikin tapaan. V\u00e4rikk\u00e4\u00e4st\u00e4 ja kirpe\u00e4n eloisasta partituurista l\u00f6ytyy erilaisia tunnelmia nerokkaasti luovia hetki\u00e4 kuten aavemaisella huojuntaefektill\u00e4 veisaava v\u00e4kijoukko ja vanhaan saksalaisiskelm\u00e4\u00e4n Ich bin von Kopf bis Fuss auf Liebe eingestellt perustuva, l\u00e4hes kulta-ajan Hollywoodin romantiikan tyyliin soiva kohtaus.<\/p>\n\n\n\n<p>Ohikiit\u00e4v\u00e4n viittauksen Leevi Madetojan Pohjalaiset-oopperan johtoaiheisiin kuuluvaan kansanlauluun Tuuli se taivutti koivun latvan voi tulkita kohteliaaksi ny\u00f6kk\u00e4ykseksi Oulun suuntaan. Heta Haanper\u00e4n ohjaus on vahvimmillaan teoksen dramaattisissa ja traagisissa hetkiss\u00e4. Esimerkiksi rohkeissa rakastelukohtauksissa kiihko ja lihallisuus ilmaistaan yksiseliitteisen selke\u00e4sti, mutta samalla hallitun tyylikk\u00e4\u00e4sti.<\/p>\n\n\n\n<p>Rooleissa keskeisimm\u00e4n vastuun kantaa uljaasti Jenny Carlstedt, jonka esitt\u00e4m\u00e4 Lahja tasapainoilee el\u00e4m\u00e4ss\u00e4\u00e4n sukupolvien v\u00e4lisess\u00e4 tienristeyksess\u00e4 rinnallaan seksuaalisuutensa kanssa kipuileva mies. Carlstedt onnistui my\u00f6s toteuttamaan muutoksen voimiltaan ja mielelt\u00e4\u00e4n hiipuvaksi vanhukseksi eritt\u00e4in vakuuttavasti. Virpi R\u00e4is\u00e4nen teki vahvalla \u00e4\u00e4nell\u00e4\u00e4n ja lavaolemuksellaan Mariasta j\u00e4\u00e4r\u00e4p\u00e4isen ilottoman matriarkan, joka puhtaalla p\u00e4\u00e4tt\u00e4v\u00e4isyydell\u00e4\u00e4n ja tahdonvoimallaan raivaa tiet\u00e4ns\u00e4 l\u00e4pi kielteisesti suhtautuvan ymp\u00e4rist\u00f6n.<\/p>\n\n\n\n<p>Erityisesti oopperan toisessa n\u00e4yt\u00f6ksess\u00e4 tarinan dramaattisimmat elementit liittyv\u00e4t Onniin, jonka hahmoon Gabriel Suovanen tuo upeasti hallitun sekoituksen sis\u00e4isen identiteetin ja el\u00e4m\u00e4n karun todellisuuden v\u00e4lisen ristiriidan aiheuttamaa h\u00e4mmennyst\u00e4 ja herkkyytt\u00e4, jossa mies ei oikein tied\u00e4, pit\u00e4isik\u00f6 se k\u00e4tke\u00e4 vai rohkeasti n\u00e4ytt\u00e4\u00e4.<\/p>\n\n\n\n<p>Oulun kaupunginteatteri on oopperan kannalta haastava paikka, sill\u00e4 t\u00e4ysin kuiva akustiikka ja purkkimainen orkesterimonttu muuttavat sinfoniaorkesterin soinnin hyvin helposti vanhaa gramofonia muistuttavaksi.<\/p>\n\n\n\n<p>Erkki Lasonpalon johtama orkesteri suoriutui vaikeassa tilassa mainiosti. Tuomelan j\u00e4nnitteilt\u00e4\u00e4n selv\u00e4piirteisesti kehittelev\u00e4 musiikki j\u00e4i erityisesti suurimmissa nousuissaan kaipaamaan ymp\u00e4rilleen edes pienen pient\u00e4 j\u00e4lkikaikua.<\/p>\n\n\n\n<p>Kalle Nurmisen suunnitteleman lavastuksen p\u00e4\u00e4asiassa musta v\u00e4ri ja pelkistetty yksinkertaisuus loivat savuun ja kylm\u00e4\u00e4n valaistukseen yhdistettyn\u00e4 vaikuttavat puitteet synkille tapahtumille. Pasi R\u00e4bin\u00e4n tyyleilt\u00e4\u00e4n selke\u00e4 puvustus puolestaan auttoi katsojaa sijoittamaan l\u00e4pi 1900-luvun loikkivia kohtauksia oikeille vuosikymmenille.<\/p>\n\n\n\n<p>Hannu Hirvel\u00e4, Rondo 2\/2017<\/p>","protected":false},"excerpt":{"rendered":"<p>Tommi Kinnusen palkittu esikoisromaani Nelj\u00e4ntienristeys sopii mainiosti juhlistamaan 100-vuotiasta Suomea, sill\u00e4 yhden kuusamolaissuvun vaiheita l\u00e4pi 1900-luvun seuraava tarina kattaa varsin perusteellisesti my\u00f6s itsen\u00e4isyyden ajan t\u00e4rkeimm\u00e4t k\u00e4\u00e4nteet. Alkuper\u00e4isteoksesta Sami Parkkinen on tehnyt libreton, jossa varsinkin toisen n\u00e4yt\u00f6ksen aikana vahvimmaksi teemaksi nousee homoseksuaalisuus ja sen k\u00e4tkeminen pieness\u00e4 maaseutuyhteis\u00f6ss\u00e4\u2026 Teoksen juonta on erityisesti ensimm\u00e4isess\u00e4 n\u00e4yt\u00f6ksess\u00e4 jossain m\u00e4\u00e4rin vaikea&#8230;<\/p>","protected":false},"author":1,"featured_media":0,"parent":0,"menu_order":0,"comment_status":"closed","ping_status":"closed","template":"","meta":{"footnotes":""},"class_list":["post-245","page","type-page","status-publish","hentry"],"_links":{"self":[{"href":"https:\/\/tapiotuomela.fi\/en\/wp-json\/wp\/v2\/pages\/245","targetHints":{"allow":["GET"]}}],"collection":[{"href":"https:\/\/tapiotuomela.fi\/en\/wp-json\/wp\/v2\/pages"}],"about":[{"href":"https:\/\/tapiotuomela.fi\/en\/wp-json\/wp\/v2\/types\/page"}],"author":[{"embeddable":true,"href":"https:\/\/tapiotuomela.fi\/en\/wp-json\/wp\/v2\/users\/1"}],"replies":[{"embeddable":true,"href":"https:\/\/tapiotuomela.fi\/en\/wp-json\/wp\/v2\/comments?post=245"}],"version-history":[{"count":1,"href":"https:\/\/tapiotuomela.fi\/en\/wp-json\/wp\/v2\/pages\/245\/revisions"}],"predecessor-version":[{"id":246,"href":"https:\/\/tapiotuomela.fi\/en\/wp-json\/wp\/v2\/pages\/245\/revisions\/246"}],"wp:attachment":[{"href":"https:\/\/tapiotuomela.fi\/en\/wp-json\/wp\/v2\/media?parent=245"}],"curies":[{"name":"wp","href":"https:\/\/api.w.org\/{rel}","templated":true}]}}