{"id":397,"date":"2026-01-15T22:52:30","date_gmt":"2026-01-15T22:52:30","guid":{"rendered":"http:\/\/tapio-tuomela-v1.local\/?page_id=397"},"modified":"2026-01-15T22:52:30","modified_gmt":"2026-01-15T22:52:30","slug":"tapio-tuomela-musiikkini-on-kyllin-kaunista-ilman-kolmisointujakin","status":"publish","type":"page","link":"https:\/\/tapiotuomela.fi\/en\/tapio-tuomela-musiikkini-on-kyllin-kaunista-ilman-kolmisointujakin\/","title":{"rendered":"Tapio Tuomela: \u201dMusiikkini on kyllin kaunista ilman kolmisointujakin\u201d"},"content":{"rendered":"<p>Modernisti, jonka teoksia soittajan on palkitsevaa soittaa ja jonka musiikki avautuu kenties muillekin kuin nykymusiikkiin vihkiytyneille? Totta se on, sellainen on s\u00e4velt\u00e4j\u00e4 Tapio Tuomela (s. 1958).<\/p>\n\n\n\n<p>Tuomelan musiikin vastaanottoa helpottavat h\u00e4nen s\u00e4vellystens\u00e4 voimakkaat emootiot, v\u00e4rik\u00e4s orkestraatio ja rytmi. Soittajatkin h\u00e4n on ottanut huomioon.<\/p>\n\n\n\n<p>\u201dOlen oppinut arvostamaan sellaista musiikkia, jota ei ole nuotinnettu tarpeettoman hankalasti. Siit\u00e4 huolimatta se voi olla haasteellista ja hyvinkin virtuoosista \u2013 pid\u00e4n esimerkiksi nopeista tempoista. Soittajan hyv\u00e4 motivaatio v\u00e4littyy kuulijalle\u201d , Tuomela sanoo.<\/p>\n\n\n\n<p>Kunnioitus muusikkoja kohtaan juontaa juurensa Tuomelan taustasta. Ennen kuin h\u00e4nest\u00e4 tuli s\u00e4velt\u00e4j\u00e4, h\u00e4n ehti kouluttautua pianistiksi ja kapellimestariksi. Pianodiplomin h\u00e4n teki Sibelius-Akatemiassa 1982 ja kapellimestaridiplomin 1987. S\u00e4vellysopinnot olivat olleet siihen asti vain sivujuonne.<\/p>\n\n\n\n<p>Mutta tilanne muuttui jo syksyll\u00e4 1985, kun h\u00e4n palasi Suomeen opiskeltuaan kaksi vuotta Neuvostoliitossa pianonsoittoa ja orkesterinjohtoa. \u201dVerkostoituminen takaisin kotimaan musiikkiel\u00e4m\u00e4\u00e4n k\u00e4vi hitaammin kuin olin kuvitellut. Huomasin, ett\u00e4 nyt oli tilaisuus jatkaa s\u00e4vellysopintoja toden teolla\u201d, Tuomela muistelee.<\/p>\n\n\n\n<p>Kun opettajaksi sattui viel\u00e4 Magnus Lindberg, ei paluuta entiseen en\u00e4\u00e4 ollut. \u201dSiin\u00e4 tapahtui Magnuksen vaikutuksesta sellainen \u2019ears open\u2019\u201d, Tuomela naurahtaa.<\/p>\n\n\n\n<p>Varovaisesti uusklassikkona aloittaneen nuoren s\u00e4velt\u00e4j\u00e4n tyyli muuttui pian modernistisempaan suuntaan. Uuden alun takana oli Lindbergin ja seuraavana vuonna opettajaksi tulleen Eero H\u00e4meenniemen opetusmetodi.<\/p>\n\n\n\n<p>\u201dTeos hahmoteltiin ensin piirt\u00e4m\u00e4ll\u00e4 kappaleen eleet yksinkertaisina k\u00e4yrin\u00e4 ja piirroksina. Vasta sitten alettiin mietti\u00e4 eleen toteuttamiseen sopivia s\u00e4veltasoja.\u201d<\/p>\n\n\n\n<p>T\u00e4m\u00e4 metodi oli ratkaiseva Tuomelan kehityksess\u00e4 s\u00e4velt\u00e4j\u00e4n\u00e4. Yh\u00e4 edelleenkin h\u00e4n k\u00e4ytt\u00e4\u00e4 samaa metodia, tosin nyt visuaalisuuden rinnalle on tullut my\u00f6s tunne: usein Tuomela m\u00e4\u00e4rittelee ty\u00f6n alla olevalle kohdalle my\u00f6s sen luonteen.<\/p>\n\n\n\n<p>Opiskelu vei nuorta s\u00e4velt\u00e4j\u00e4\u00e4 ulkomaille my\u00f6hemminkin. Lukuvuoden 1988-89 h\u00e4n opiskeli Rochesterissa (N.Y.) Christopher Rousen ja Joseph Schwantnerin johdolla. Siit\u00e4 vuodesta l\u00e4hti k\u00e4yntiin itsen\u00e4istyminen s\u00e4velt\u00e4j\u00e4n\u00e4.<\/p>\n\n\n\n<p>\u201dHuomasin yht\u00e4kki\u00e4 kuuluvani asuinalueellani v\u00e4hemmist\u00f6n v\u00e4hemmist\u00f6\u00f6n. Oli pakko perustella itselleen, miksi tekee ja mit\u00e4 tekee. Perusteluiden t\u00e4ytyi l\u00f6yty\u00e4 ihan muualta kuin tietyss\u00e4 musiikillisessa ymp\u00e4rist\u00f6ss\u00e4 hyv\u00e4ksytt\u00e4v\u00e4n musiikin tekemisest\u00e4. Siihen asti olin pyrkinyt jotenkin alitajuisesti miellytt\u00e4m\u00e4\u00e4n.\u201d<\/p>\n\n\n\n<p>Musiikillisesti vapaamielisess\u00e4 ja kokeilevaan innostavassa Berliiniss\u00e4 vietetyn kahden talvikauden (1989-1991) j\u00e4lkeen Tuomela s\u00e4velsi uransa kokeellisimmat teokset, jossa oli \u201denemm\u00e4n h\u00e4ly\u00e4\u00e4ni\u00e4, v\u00e4hemm\u00e4n harmoniaa\u201d kuin ennen. T\u00e4m\u00e4n kokeellisen kauden tuotantoa on muun muassa kohuttu kamariooppera Korvan tarina vuodelta 1993.<\/p>\n\n\n\n<p>Tuomelan tyyli alkoi kuitenkin muuttua 90-luvun puoliv\u00e4liss\u00e4. Vuonna 1995 syntyi orkesteriteos JOKK, jossa harmoninen kieli muuttui hiukan pehme\u00e4mm\u00e4ksi. Enemm\u00e4n lyyrisyytt\u00e4 tuli mukaan Kalevalasta innoituksensa saaneen \u00c4idit ja tytt\u00e4ret -oopperan (1999) my\u00f6t\u00e4. Ooppera aloitti uuden kauden Tuomelan tuotannossa: nyt kuvaan tuli mukaan kansanmusiikki.<\/p>\n\n\n\n<p>Uusi kansanmusiikki, erityisesti laulu, oli kiinnostanut Tapio Tuomelaa jo pitemm\u00e4n aikaa. \u201dKansanmusiikissa on jotain hyvin viettelev\u00e4\u00e4. Siin\u00e4 laulajan \u00e4\u00e4ni on avoin, viestit ja tunteet ovat suoria. Niinp\u00e4 v\u00e4yl\u00e4 vastaanottajaankin on t\u00e4ysin avoin. Kansanlaulu on oopperalauluun, varsinkin sen kliseisimp\u00e4\u00e4n osastoon verrattuna paljon aidompaa\u201d, Tuomela kiitt\u00e4\u00e4.<\/p>\n\n\n\n<p><\/p>\n\n\n\n<p>Pelkistetymm\u00e4n ja helpommin avautuvan musiikin kirjoittaminen on saanut yleis\u00f6lt\u00e4 l\u00e4mpim\u00e4n vastaanoton, mutta sen vuoksi ei Tuomela halua s\u00e4velt\u00e4j\u00e4nilmett\u00e4\u00e4n muuttaa.<\/p>\n\n\n\n<p>\u201dMusiikkini on kyllin kaunista ilman kolmisointujakin\u201d, h\u00e4n sanoo. \u201dJa kyll\u00e4 teokseni ovat kuitenkin useammin puhutelleet kuin viihdytt\u00e4neet kuulijoita. Toivon, ett\u00e4 minulla olisi jatkossakin varaa tehd\u00e4 taidemusiikkia niill\u00e4 ihanteilla, joita arvostan. Sen lis\u00e4ksi olisi toisinaan mukava irrotella esimerkiksi etnoprojektien parissa.\u201d<\/p>\n\n\n\n<p>Tapio Tuomelaa miellytt\u00e4\u00e4 eniten orkesterille s\u00e4velt\u00e4minen, mutta my\u00f6s ooppera on lajityyppin\u00e4 h\u00e4nelle l\u00e4heinen. \u201dMinua kiinnostavat suuret pinnat ja voimakkaat eleet. Ja v\u00e4rien rikkaus \u2013 se on orkesterissa loputon\u201d, h\u00e4n ihastelee.<\/p>\n\n\n\n<p>Vaikka s\u00e4velt\u00e4j\u00e4 haluaakin s\u00e4ilytt\u00e4\u00e4 teostensa puhuttelevuuden, ei se sulje pois pyrkimyst\u00e4 s\u00e4velkielen muuttamisesta monipuolisempaan, ehk\u00e4 hiukan valoisampaan suuntaan. Tuomelalla on halu tehd\u00e4 yll\u00e4tyksellist\u00e4 musiikkia. \u201dHaluan luoda kuulijoille yh\u00e4 erilaisia el\u00e4myksi\u00e4.\u201d<\/p>\n\n\n\n<p>S\u00e4velt\u00e4j\u00e4n ja kapellimestarin teht\u00e4viens\u00e4 ohella Tapio Tuomelalla on kolmaskin, varsin kiinnostava teht\u00e4v\u00e4: h\u00e4n toimii Viitasaarella j\u00e4rjestett\u00e4v\u00e4n Musiikin aika \u2013festivaalin taiteellisena johtajana. Teht\u00e4v\u00e4 pit\u00e4\u00e4 tehokkaasti huolen siit\u00e4, ett\u00e4 s\u00e4velt\u00e4j\u00e4 pysyy tiukasti kiinni ajassa.<\/p>\n\n\n\n<p>\u201dPyrin olemaan tarkasti perill\u00e4 siit\u00e4, mit\u00e4 suomalaiset s\u00e4velt\u00e4j\u00e4t, nuorimmat mukaan lukien, tekev\u00e4t. Saatan k\u00e4yd\u00e4 konsertissa monta kertaa viikossa. Sen lis\u00e4ksi hyllyss\u00e4ni on aina iso pino levyj\u00e4 ja nuotteja odottamassa tutustumista.\u201d<\/p>\n\n\n\n<p>Konserttien organisointi antaa hyv\u00e4n mahdollisuuden ottaa et\u00e4isyytt\u00e4 omaan s\u00e4vellysty\u00f6h\u00f6n. Toisaalta teht\u00e4v\u00e4st\u00e4 saa omaan s\u00e4velt\u00e4miseen my\u00f6s ideoita ja positiivista energiaa. \u201dKun s\u00e4vell\u00e4n aamup\u00e4iv\u00e4n ty\u00f6huoneessani ja sitten v\u00e4lill\u00e4 hoidan muita t\u00f6it\u00e4, saatan my\u00f6hemmin p\u00e4iv\u00e4ll\u00e4 n\u00e4hd\u00e4, onko aamulla tehdyss\u00e4 mit\u00e4\u00e4n j\u00e4rke\u00e4. Heti ei pystyisi n\u00e4kem\u00e4\u00e4n mets\u00e4\u00e4 puilta.\u201d<\/p>\n\n\n\n<p>Mari Koppinen 2004<\/p>","protected":false},"excerpt":{"rendered":"<p>Modernisti, jonka teoksia soittajan on palkitsevaa soittaa ja jonka musiikki avautuu kenties muillekin kuin nykymusiikkiin vihkiytyneille? Totta se on, sellainen on s\u00e4velt\u00e4j\u00e4 Tapio Tuomela (s. 1958). Tuomelan musiikin vastaanottoa helpottavat h\u00e4nen s\u00e4vellystens\u00e4 voimakkaat emootiot, v\u00e4rik\u00e4s orkestraatio ja rytmi. Soittajatkin h\u00e4n on ottanut huomioon. \u201dOlen oppinut arvostamaan sellaista musiikkia, jota ei ole nuotinnettu tarpeettoman hankalasti. Siit\u00e4&#8230;<\/p>","protected":false},"author":1,"featured_media":0,"parent":0,"menu_order":0,"comment_status":"closed","ping_status":"closed","template":"","meta":{"footnotes":""},"class_list":["post-397","page","type-page","status-publish","hentry"],"_links":{"self":[{"href":"https:\/\/tapiotuomela.fi\/en\/wp-json\/wp\/v2\/pages\/397","targetHints":{"allow":["GET"]}}],"collection":[{"href":"https:\/\/tapiotuomela.fi\/en\/wp-json\/wp\/v2\/pages"}],"about":[{"href":"https:\/\/tapiotuomela.fi\/en\/wp-json\/wp\/v2\/types\/page"}],"author":[{"embeddable":true,"href":"https:\/\/tapiotuomela.fi\/en\/wp-json\/wp\/v2\/users\/1"}],"replies":[{"embeddable":true,"href":"https:\/\/tapiotuomela.fi\/en\/wp-json\/wp\/v2\/comments?post=397"}],"version-history":[{"count":1,"href":"https:\/\/tapiotuomela.fi\/en\/wp-json\/wp\/v2\/pages\/397\/revisions"}],"predecessor-version":[{"id":398,"href":"https:\/\/tapiotuomela.fi\/en\/wp-json\/wp\/v2\/pages\/397\/revisions\/398"}],"wp:attachment":[{"href":"https:\/\/tapiotuomela.fi\/en\/wp-json\/wp\/v2\/media?parent=397"}],"curies":[{"name":"wp","href":"https:\/\/api.w.org\/{rel}","templated":true}]}}